{"id":5432,"date":"2021-12-20T16:58:30","date_gmt":"2021-12-20T15:58:30","guid":{"rendered":"https:\/\/smurfitwestrockdisplay.be\/ce-que-nous-representons\/servicing\/"},"modified":"2026-01-07T08:30:59","modified_gmt":"2026-01-07T07:30:59","slug":"services","status":"publish","type":"page","link":"https:\/\/smurfitwestrockdisplay.be\/fr\/smurfit-westrock-display-belgique\/qui-nous-sommes\/services\/","title":{"rendered":"Services"},"content":{"rendered":"<div id='layer_slider_1'  class='avia-layerslider main_color avia-shadow  avia-builder-el-0  el_before_av_section  avia-builder-el-first  container_wrap fullsize'  style='height: 481px; max-width: 1600px; margin: 0 auto;'  ><\/div>\n\n<style type=\"text\/css\" data-created_by=\"avia_inline_auto\" id=\"style-css-av-rwdli-0e1024f1d50f974b8a829fd1205c1ebb\">\n.avia-section.av-rwdli-0e1024f1d50f974b8a829fd1205c1ebb{\nmargin-top:0;\nmargin-bottom:0;\n}\n<\/style>\n<div id='av_section_1'  class='avia-section av-rwdli-0e1024f1d50f974b8a829fd1205c1ebb main_color avia-section-small avia-no-border-styling  avia-builder-el-1  el_after_av_layerslider  el_before_av_section  av-small-hide av-mini-hide avia-bg-style-scroll container_wrap fullsize'  ><div class='container av-section-cont-open' ><div class='template-page content  av-content-full alpha units'><div class='post-entry post-entry-type-page post-entry-5432'><div class='entry-content-wrapper clearfix'>\n<div  class='flex_column av-m8s4e-36850a20762a604f8d874c91dd994ad4 av_one_third  avia-builder-el-2  el_before_av_two_third  avia-builder-el-first  first flex_column_div  '     ><style type=\"text\/css\" data-created_by=\"avia_inline_auto\" id=\"style-css-av-kx4x0vji-1f56fecd176184ab48601e1ac621e755\">\n#top .av-special-heading.av-kx4x0vji-1f56fecd176184ab48601e1ac621e755{\npadding-bottom:10px;\n}\nbody .av-special-heading.av-kx4x0vji-1f56fecd176184ab48601e1ac621e755 .av-special-heading-tag .heading-char{\nfont-size:25px;\n}\n.av-special-heading.av-kx4x0vji-1f56fecd176184ab48601e1ac621e755 .av-subheading{\nfont-size:15px;\n}\n<\/style>\n<div  class='av-special-heading av-kx4x0vji-1f56fecd176184ab48601e1ac621e755 av-special-heading-h1 blockquote modern-quote  avia-builder-el-3  avia-builder-el-no-sibling '><h1 class='av-special-heading-tag '  itemprop=\"headline\"  >SERVICES<\/h1><div class=\"special-heading-border\"><div class=\"special-heading-inner-border\"><\/div><\/div><\/div><\/div><div  class='flex_column av-etmu6-bd2d905581f2f7b525e6ed3e5dbbca68 av_two_third  avia-builder-el-4  el_after_av_one_third  avia-builder-el-last  flex_column_div  '     ><div  class='avia-buttonrow-wrap av-kx4x1gzc-d3f10670b3bf6af23c913f240a125380 avia-buttonrow-right  avia-builder-el-5  avia-builder-el-no-sibling '>\n\n<style type=\"text\/css\" data-created_by=\"avia_inline_auto\" id=\"style-css-av-kx4x173l-ada1031ee64643543b9caba0f37b5608\">\n#top #wrap_all .avia-button.av-kx4x173l-ada1031ee64643543b9caba0f37b5608{\nbackground-color:#ffffff;\nborder-color:#444444;\ncolor:#444444;\nborder-style:solid;\nborder-width:1px 1px 1px 1px;\ntransition:all 0.4s ease-in-out;\nmargin-bottom:5px;\nmargin-left:5px;\n}\n#top #wrap_all .avia-button.av-kx4x173l-ada1031ee64643543b9caba0f37b5608 .avia-svg-icon svg:first-child{\nfill:#444444;\nstroke:#444444;\n}\n<\/style>\n<a href='https:\/\/smurfitwestrockdisplay.be\/fr\/smurfit-westrock-display-belgique\/qui-nous-sommes\/glocal\/'  class='avia-button av-kx4x173l-ada1031ee64643543b9caba0f37b5608 avia-icon_select-yes-left-icon avia-size-small'   aria-label=\"Glocal\"><span class='avia_button_icon avia_button_icon_left avia-iconfont avia-font-entypo-fontello-enfold' data-av_icon='\ue87c' data-av_iconfont='entypo-fontello-enfold' ><\/span><span class='avia_iconbox_title' >Glocal<\/span><\/a>\n\n<style type=\"text\/css\" data-created_by=\"avia_inline_auto\" id=\"style-css-av-kx4x1gdc-349a98ff0ecfad5b6770c252a7c90904\">\n#top #wrap_all .avia-button.av-kx4x1gdc-349a98ff0ecfad5b6770c252a7c90904{\nbackground-color:#ffffff;\nborder-color:#444444;\ncolor:#444444;\nborder-style:solid;\nborder-width:1px 1px 1px 1px;\ntransition:all 0.4s ease-in-out;\nmargin-bottom:5px;\nmargin-left:5px;\n}\n#top #wrap_all .avia-button.av-kx4x1gdc-349a98ff0ecfad5b6770c252a7c90904 .avia-svg-icon svg:first-child{\nfill:#444444;\nstroke:#444444;\n}\n<\/style>\n<a href='https:\/\/smurfitwestrockdisplay.be\/fr\/smurfit-westrock-display-belgique\/qui-nous-sommes\/a-lepreuve-du-futur\/'  class='avia-button av-kx4x1gdc-349a98ff0ecfad5b6770c252a7c90904 avia-icon_select-yes-right-icon avia-size-small'   aria-label=\"A l&#039;\u00e9preuve du futur\"><span class='avia_iconbox_title' >A l&#039;\u00e9preuve du futur<\/span><span class='avia_button_icon avia_button_icon_right avia-iconfont avia-font-entypo-fontello' data-av_icon='\ue87d' data-av_iconfont='entypo-fontello' ><\/span><\/a>\n<\/div><\/div>\n\n<\/div><\/div><\/div><!-- close content main div --><\/div><\/div>\n<style type=\"text\/css\" data-created_by=\"avia_inline_auto\" id=\"style-css-av-1dd5ta-1809f56e7fdc932161b63c561e93d106\">\n.avia-section.av-1dd5ta-1809f56e7fdc932161b63c561e93d106{\nmargin-top:0px;\nmargin-bottom:-20px;\n}\n<\/style>\n<div id='av_section_2'  class='avia-section av-1dd5ta-1809f56e7fdc932161b63c561e93d106 main_color avia-section-small avia-no-border-styling  avia-builder-el-6  el_after_av_section  el_before_av_layout_row  av-desktop-hide av-medium-hide avia-bg-style-scroll container_wrap fullsize'  ><div class='container av-section-cont-open' ><div class='template-page content  av-content-full alpha units'><div class='post-entry post-entry-type-page post-entry-5432'><div class='entry-content-wrapper clearfix'>\n<div  class='flex_column av-12n5za-b3c94214bea0fd090df61c3fb8ca39a0 av_one_full  avia-builder-el-7  avia-builder-el-no-sibling  first flex_column_div  '     ><div  class='avia-buttonrow-wrap av-kx8wk5vx-4b0227ce0847c081e3c71c3983a8834d avia-buttonrow-center  avia-builder-el-8  avia-builder-el-no-sibling '>\n\n<style type=\"text\/css\" data-created_by=\"avia_inline_auto\" id=\"style-css-av-vq68u-a4bfaec3a00e672d7adcc4fb3bc2c6a7\">\n#top #wrap_all .avia-button.av-vq68u-a4bfaec3a00e672d7adcc4fb3bc2c6a7{\nbackground-color:#ffffff;\nborder-color:#444444;\ncolor:#444444;\nborder-style:solid;\nborder-width:1px 1px 1px 1px;\ntransition:all 0.4s ease-in-out;\nmargin-bottom:5px;\nmargin-right:3px;\nmargin-left:3px;\n}\n#top #wrap_all .avia-button.av-vq68u-a4bfaec3a00e672d7adcc4fb3bc2c6a7 .avia-svg-icon svg:first-child{\nfill:#444444;\nstroke:#444444;\n}\n<\/style>\n<a href='https:\/\/smurfitwestrockdisplay.be\/fr\/smurfit-westrock-display-belgique\/qui-nous-sommes\/glocal\/'  class='avia-button av-vq68u-a4bfaec3a00e672d7adcc4fb3bc2c6a7 avia-icon_select-yes-left-icon avia-size-small'   aria-label=\"Glocal\"><span class='avia_button_icon avia_button_icon_left avia-iconfont avia-font-entypo-fontello' data-av_icon='\ue87c' data-av_iconfont='entypo-fontello' ><\/span><span class='avia_iconbox_title' >Glocal<\/span><\/a>\n\n<style type=\"text\/css\" data-created_by=\"avia_inline_auto\" id=\"style-css-av-s1v4m-e8be4ed4ee05090bc6574f2548aabb5a\">\n#top #wrap_all .avia-button.av-s1v4m-e8be4ed4ee05090bc6574f2548aabb5a{\nbackground-color:#ffffff;\nborder-color:#444444;\ncolor:#444444;\nborder-style:solid;\nborder-width:1px 1px 1px 1px;\ntransition:all 0.4s ease-in-out;\nmargin-bottom:5px;\nmargin-right:3px;\nmargin-left:3px;\n}\n#top #wrap_all .avia-button.av-s1v4m-e8be4ed4ee05090bc6574f2548aabb5a .avia-svg-icon svg:first-child{\nfill:#444444;\nstroke:#444444;\n}\n<\/style>\n<a href='https:\/\/smurfitwestrockdisplay.be\/fr\/smurfit-westrock-display-belgique\/qui-nous-sommes\/a-lepreuve-du-futur\/'  class='avia-button av-s1v4m-e8be4ed4ee05090bc6574f2548aabb5a avia-icon_select-yes-right-icon avia-size-small'   aria-label=\"A l&#039;\u00e9preuve du futur\"><span class='avia_iconbox_title' >A l&#039;\u00e9preuve du futur<\/span><span class='avia_button_icon avia_button_icon_right avia-iconfont avia-font-entypo-fontello' data-av_icon='\ue87d' data-av_iconfont='entypo-fontello' ><\/span><\/a>\n<\/div><\/div>\n\n<\/div><\/div><\/div><!-- close content main div --><\/div><\/div><div id='av-layout-grid-1'  class='av-layout-grid-container av-23u0a6-c67fe4b56dfa77b8102c3a48751b40ca entry-content-wrapper alternate_color av-border-cells av-flex-cells  avia-builder-el-9  el_after_av_section  el_before_av_section  grid-row-not-first av-small-hide av-mini-hide container_wrap fullsize'  >\n\n<style type=\"text\/css\" data-created_by=\"avia_inline_auto\" id=\"style-css-av-1vyhhq-6d61f4b91a5b4e2b8c51a5b3cfe4094f\">\n.flex_cell.av-1vyhhq-6d61f4b91a5b4e2b8c51a5b3cfe4094f{\nvertical-align:middle;\n}\n.responsive #top #wrap_all .flex_cell.av-1vyhhq-6d61f4b91a5b4e2b8c51a5b3cfe4094f{\npadding:0 0 0 2.5% !important;\n}\n<\/style>\n<div class='flex_cell av-1vyhhq-6d61f4b91a5b4e2b8c51a5b3cfe4094f av-gridrow-cell av_one_third no_margin  avia-builder-el-10  el_before_av_cell_two_third  avia-builder-el-first  content-align-middle'  ><div class='flex_cell_inner'><div class='flex_column_table av-1qmzz2-2e46bc9ef1c8ebab971491f092e63bc1 sc-av_one_full av-equal-height-column-flextable'>\n<style type=\"text\/css\" data-created_by=\"avia_inline_auto\" id=\"style-css-av-1qmzz2-2e46bc9ef1c8ebab971491f092e63bc1\">\n.flex_column.av-1qmzz2-2e46bc9ef1c8ebab971491f092e63bc1{\npadding:0 0 0 10%;\n}\n<\/style>\n<div  class='flex_column av-1qmzz2-2e46bc9ef1c8ebab971491f092e63bc1 av_one_full  avia-builder-el-11  avia-builder-el-no-sibling  blockquote-servicing first flex_column_table_cell av-equal-height-column av-align-top  '     ><section  class='av_textblock_section av-kwz5w11e-0ee75a3150876ba63fd3576c62da902a '   itemscope=\"itemscope\" itemtype=\"https:\/\/schema.org\/CreativeWork\" ><div class='avia_textblock'  itemprop=\"text\" ><blockquote>\n<p><em>Nous sommes votre interlocuteur unique pour tout le processus de production. Nous pouvons \u00e9galement prendre en charge les canaux de distribution, la conception et le co-packing.<\/em><\/p>\n<\/blockquote>\n<\/div><\/section><\/div><\/div><!--close column table wrapper. Autoclose: 1 -->\n<\/div><\/div><div class='flex_cell av-1jx9ta-ae714e50ae66ff95da468ee97ebf43bf av-gridrow-cell av_two_third no_margin  avia-builder-el-13  el_after_av_cell_one_third  avia-builder-el-last '  ><div class='flex_cell_inner'><p><div class='flex_column_table av-1gs952-dbc971ef511191b8e1b05cd8749e933b sc-av_one_fourth av-equal-height-column-flextable'><div  class='flex_column av-1gs952-dbc971ef511191b8e1b05cd8749e933b av_one_fourth  avia-builder-el-14  el_before_av_three_fourth  avia-builder-el-first  first flex_column_table_cell av-equal-height-column av-align-middle av-hide-on-mobile  '     ><style type=\"text\/css\" data-created_by=\"avia_inline_auto\" id=\"style-css-av-kx67wcuz-30fe9dff6d35e061226aa5941b40b60a\">\n.av_font_icon.av-kx67wcuz-30fe9dff6d35e061226aa5941b40b60a{\ncolor:#00a0dd;\nborder-color:#00a0dd;\n}\n.avia-svg-icon.av-kx67wcuz-30fe9dff6d35e061226aa5941b40b60a svg:first-child{\nstroke:#00a0dd;\nfill:#00a0dd;\n}\n.av_font_icon.av-kx67wcuz-30fe9dff6d35e061226aa5941b40b60a .av-icon-char{\nfont-size:100px;\nline-height:100px;\n}\n<\/style>\n<span  class='av_font_icon av-kx67wcuz-30fe9dff6d35e061226aa5941b40b60a avia_animate_when_visible av-icon-style- avia-icon-pos-center avia-iconfont avia-font-icons-sk-def avia-icon-animate'><span class='av-icon-char' data-av_icon='\ue800' data-av_iconfont='icons-sk-def' aria-hidden=\"true\" ><\/span><\/span><\/div><div class='av-flex-placeholder'><\/div>\n<style type=\"text\/css\" data-created_by=\"avia_inline_auto\" id=\"style-css-av-16orhq-882604b4fdd39be03454ef9abe98b826\">\n.flex_column.av-16orhq-882604b4fdd39be03454ef9abe98b826{\npadding:0 5% 0 0;\n}\n<\/style>\n<div  class='flex_column av-16orhq-882604b4fdd39be03454ef9abe98b826 av_three_fourth  avia-builder-el-16  el_after_av_one_fourth  avia-builder-el-last  flex_column_table_cell av-equal-height-column av-align-middle  '     ><section  class='av_textblock_section av-kvjd9cea-d464326ad75ab115c3d733f345d35486 '   itemscope=\"itemscope\" itemtype=\"https:\/\/schema.org\/CreativeWork\" ><div class='avia_textblock'  itemprop=\"text\" ><p>Notre \u00e9quipe Smurfit Westrock communique en <strong>\u00e9troite<\/strong> collaboration. Chaque collaborateur dispose de l\u2019espace n\u00e9cessaire pour r\u00e9fl\u00e9chir de mani\u00e8re critique et exprimer son avis. Cela nous permet de travailler de mani\u00e8re flexible, <strong>d\u2019appliquer rapidement vos <\/strong> et d\u2019anticiper tous les cas de figure.<\/p>\n<p>Il en r\u00e9sulte un service toujours irr\u00e9prochable, avec des <strong>d\u00e9lais de livraison in\u00e9gal\u00e9s.<\/strong><\/p>\n<\/div><\/section><\/div><\/div><!--close column table wrapper. Autoclose: 1 --><\/p>\n<\/div><\/div><\/div><div id='av_section_3'  class='avia-section av-iri3a-48d42fff60ed874f3ee7bbdba0cf23b2 main_color avia-section-no-padding avia-no-border-styling  avia-builder-el-18  el_after_av_layout_row  avia-builder-el-last  av-desktop-hide av-medium-hide avia-bg-style-scroll container_wrap fullsize'  ><div class='container av-section-cont-open' ><div class='template-page content  av-content-full alpha units'><div class='post-entry post-entry-type-page post-entry-5432'><div class='entry-content-wrapper clearfix'>\n<div  class='flex_column av-ew4ce-b1183eb0ab1a384fa6a229333f4e1204 av_one_full  avia-builder-el-19  avia-builder-el-no-sibling  first flex_column_div  '     ><style type=\"text\/css\" data-created_by=\"avia_inline_auto\" id=\"style-css-av-kx8wl7dc-e3886a5fff20f1a61ee68b42168cf54c\">\n.iconbox.av-kx8wl7dc-e3886a5fff20f1a61ee68b42168cf54c .iconbox_icon{\nbackground-color:#72bf44;\n}\n#top #wrap_all .iconbox.av-kx8wl7dc-e3886a5fff20f1a61ee68b42168cf54c .iconbox_content_title{\nfont-size:28px;\ncolor:#72bf44;\n}\n.iconbox.av-kx8wl7dc-e3886a5fff20f1a61ee68b42168cf54c .iconbox_content_container{\nfont-size:20px;\n}\n<\/style>\n<article  class='iconbox iconbox_top av-kx8wl7dc-e3886a5fff20f1a61ee68b42168cf54c  avia-builder-el-20  el_before_av_textblock  avia-builder-el-first  main_color'  itemscope=\"itemscope\" itemtype=\"https:\/\/schema.org\/CreativeWork\" ><div class=\"iconbox_content\"><header class=\"entry-content-header\" aria-label=\"Ic\u00f4ne : SERVICES\"><div class='iconbox_icon heading-color avia-iconfont avia-font-icons-sk-def' data-av_icon='\ue800' data-av_iconfont='icons-sk-def'  ><\/div><h3 class='iconbox_content_title '  itemprop=\"headline\" >SERVICES<\/h3><\/header><div class='iconbox_content_container '  itemprop=\"text\" ><p style=\"text-align: center;\">Nous sommes votre interlocuteur unique pour tout le processus de production. Nous pouvons \u00e9galement prendre en charge les canaux de distribution, la conception et le co-packing.<\/p>\n<\/div><\/div><footer class=\"entry-footer\"><\/footer><\/article><br \/>\n<section  class='av_textblock_section av-6t3hq-f7f9a7fd7dd422dc411ea192b51071ce '   itemscope=\"itemscope\" itemtype=\"https:\/\/schema.org\/CreativeWork\" ><div class='avia_textblock'  itemprop=\"text\" ><p>Notre \u00e9quipe Smurfit Westrock communique en <strong>\u00e9troite<\/strong> collaboration. Chaque collaborateur dispose de l\u2019espace n\u00e9cessaire pour r\u00e9fl\u00e9chir de mani\u00e8re critique et exprimer son avis. Cela nous permet de travailler de mani\u00e8re flexible, <strong>d\u2019appliquer rapidement vos retours<\/strong> et d\u2019anticiper tous les cas de figure.<\/p>\n<p>Il en r\u00e9sulte un service toujours irr\u00e9prochable, avec des <strong>d\u00e9lais de livraison in\u00e9gal\u00e9s.<\/strong><\/p>\n<\/div><\/section><\/p><\/div>\n<\/p>\n","protected":false},"excerpt":{"rendered":"","protected":false},"author":10,"featured_media":0,"parent":5042,"menu_order":0,"comment_status":"closed","ping_status":"closed","template":"","meta":{"_seopress_robots_primary_cat":"","_seopress_titles_title":"","_seopress_titles_desc":"","_seopress_robots_index":"","footnotes":""},"class_list":["post-5432","page","type-page","status-publish","hentry"],"_links":{"self":[{"href":"https:\/\/smurfitwestrockdisplay.be\/fr\/wp-json\/wp\/v2\/pages\/5432","targetHints":{"allow":["GET"]}}],"collection":[{"href":"https:\/\/smurfitwestrockdisplay.be\/fr\/wp-json\/wp\/v2\/pages"}],"about":[{"href":"https:\/\/smurfitwestrockdisplay.be\/fr\/wp-json\/wp\/v2\/types\/page"}],"author":[{"embeddable":true,"href":"https:\/\/smurfitwestrockdisplay.be\/fr\/wp-json\/wp\/v2\/users\/10"}],"replies":[{"embeddable":true,"href":"https:\/\/smurfitwestrockdisplay.be\/fr\/wp-json\/wp\/v2\/comments?post=5432"}],"version-history":[{"count":36,"href":"https:\/\/smurfitwestrockdisplay.be\/fr\/wp-json\/wp\/v2\/pages\/5432\/revisions"}],"predecessor-version":[{"id":13235,"href":"https:\/\/smurfitwestrockdisplay.be\/fr\/wp-json\/wp\/v2\/pages\/5432\/revisions\/13235"}],"up":[{"embeddable":true,"href":"https:\/\/smurfitwestrockdisplay.be\/fr\/wp-json\/wp\/v2\/pages\/5042"}],"wp:attachment":[{"href":"https:\/\/smurfitwestrockdisplay.be\/fr\/wp-json\/wp\/v2\/media?parent=5432"}],"curies":[{"name":"wp","href":"https:\/\/api.w.org\/{rel}","templated":true}]}}