{"id":5405,"date":"2021-12-20T16:03:07","date_gmt":"2021-12-20T15:03:07","guid":{"rendered":"https:\/\/smurfitwestrockdisplay.be\/ce-que-nous-representons\/future-proof\/"},"modified":"2026-01-07T08:58:56","modified_gmt":"2026-01-07T07:58:56","slug":"a-lepreuve-du-futur","status":"publish","type":"page","link":"https:\/\/smurfitwestrockdisplay.be\/fr\/smurfit-westrock-display-belgique\/qui-nous-sommes\/a-lepreuve-du-futur\/","title":{"rendered":"\u00c0 l\u2019\u00e9preuve du futur"},"content":{"rendered":"<div id='full_slider_1'  class='avia-fullwidth-slider main_color avia-shadow   avia-builder-el-0  el_before_av_section  avia-builder-el-first   container_wrap fullsize'  >\n<style type=\"text\/css\" data-created_by=\"avia_inline_auto\" id=\"style-css-av-kvjddpqh-e7f88e4aa9bf8cf905f4bd5745200e65\">\n#top #wrap_all .avia-slideshow .av-slideshow-caption.av-kvjddpqh-e7f88e4aa9bf8cf905f4bd5745200e65__0 .avia-caption-title{\nfont-size:48px;\n}\n#top .avia-slideshow .av-slideshow-caption.av-kvjddpqh-e7f88e4aa9bf8cf905f4bd5745200e65__0 .avia-caption-content{\nfont-size:24px;\n}\n#top .avia-slideshow .av-slideshow-caption.av-kvjddpqh-e7f88e4aa9bf8cf905f4bd5745200e65__0 .avia-caption-content p{\nfont-size:24px;\n}\n\n@media only screen and (min-width: 768px) and (max-width: 989px){ \n#top #wrap_all .avia-slideshow .av-slideshow-caption.av-kvjddpqh-e7f88e4aa9bf8cf905f4bd5745200e65__0 .avia-caption-title{\nfont-size:28px;\n}\n#top .avia-slideshow .av-slideshow-caption.av-kvjddpqh-e7f88e4aa9bf8cf905f4bd5745200e65__0 .avia-caption-content{\nfont-size:20px;\n}\n#top .avia-slideshow .av-slideshow-caption.av-kvjddpqh-e7f88e4aa9bf8cf905f4bd5745200e65__0 .avia-caption-content p{\nfont-size:20px;\n}\n}\n\n@media only screen and (min-width: 480px) and (max-width: 767px){ \n#top #wrap_all .avia-slideshow .av-slideshow-caption.av-kvjddpqh-e7f88e4aa9bf8cf905f4bd5745200e65__0 .avia-caption-title{\nfont-size:24px;\n}\n#top .avia-slideshow .av-slideshow-caption.av-kvjddpqh-e7f88e4aa9bf8cf905f4bd5745200e65__0 .avia-caption-content{\nfont-size:16px;\n}\n#top .avia-slideshow .av-slideshow-caption.av-kvjddpqh-e7f88e4aa9bf8cf905f4bd5745200e65__0 .avia-caption-content p{\nfont-size:16px;\n}\n}\n\n@media only screen and (max-width: 479px){ \n#top #wrap_all .avia-slideshow .av-slideshow-caption.av-kvjddpqh-e7f88e4aa9bf8cf905f4bd5745200e65__0 .avia-caption-title{\nfont-size:24px;\n}\n#top .avia-slideshow .av-slideshow-caption.av-kvjddpqh-e7f88e4aa9bf8cf905f4bd5745200e65__0 .avia-caption-content{\nfont-size:24px;\n}\n#top .avia-slideshow .av-slideshow-caption.av-kvjddpqh-e7f88e4aa9bf8cf905f4bd5745200e65__0 .avia-caption-content p{\nfont-size:24px;\n}\n}\n<\/style>\n<div  class='avia-slideshow av-kvjddpqh-e7f88e4aa9bf8cf905f4bd5745200e65 avia-slideshow-no scaling av_slideshow_full avia-slide-slider av-slideshow-ui av-control-default av-slideshow-manual av-loop-once av-loop-manual-endless av-default-height-applied   avia-slideshow-1' data-slideshow-options=\"{&quot;animation&quot;:&quot;slide&quot;,&quot;autoplay&quot;:false,&quot;loop_autoplay&quot;:&quot;once&quot;,&quot;interval&quot;:5,&quot;loop_manual&quot;:&quot;manual-endless&quot;,&quot;autoplay_stopper&quot;:false,&quot;noNavigation&quot;:false,&quot;bg_slider&quot;:false,&quot;keep_padding&quot;:false,&quot;hoverpause&quot;:false,&quot;show_slide_delay&quot;:0}\"  itemprop=\"image\" itemscope=\"itemscope\" itemtype=\"https:\/\/schema.org\/ImageObject\" ><ul class='avia-slideshow-inner ' style='padding-bottom: 30%;'><li  class='avia-slideshow-slide av-kvjddpqh-e7f88e4aa9bf8cf905f4bd5745200e65__0  av-single-slide slide-1 slide-odd'><div data-rel='slideshow-1' class='avia-slide-wrap '   ><img decoding=\"async\" fetchpriority=\"high\" class=\"wp-image-6978 avia-img-lazy-loading-not-6978\"  src=\"https:\/\/smurfitwestrockdisplay.be\/wp-content\/uploads\/2022\/01\/Future-Proof-converted-scaled-2.jpeg\" width=\"2560\" height=\"768\" title='Future-Proof' alt='Trois photos c\u00f4te \u00e0 c\u00f4te. Une photo de carton, une photo de r\u00e9sidus de carton pr\u00eats \u00e0 \u00eatre recycl\u00e9s et une photo de 1 des bois Smurfit Kappa.'  itemprop=\"thumbnailUrl\" srcset=\"https:\/\/smurfitwestrockdisplay.be\/wp-content\/uploads\/2022\/01\/Future-Proof-converted-scaled-2.jpeg 2560w, https:\/\/smurfitwestrockdisplay.be\/wp-content\/uploads\/2022\/01\/Future-Proof-converted-scaled-2-1000x300.jpeg 1000w, https:\/\/smurfitwestrockdisplay.be\/wp-content\/uploads\/2022\/01\/Future-Proof-converted-scaled-2-768x230.jpeg 768w, https:\/\/smurfitwestrockdisplay.be\/wp-content\/uploads\/2022\/01\/Future-Proof-converted-scaled-2-1536x461.jpeg 1536w, https:\/\/smurfitwestrockdisplay.be\/wp-content\/uploads\/2022\/01\/Future-Proof-converted-scaled-2-2048x614.jpeg 2048w, https:\/\/smurfitwestrockdisplay.be\/wp-content\/uploads\/2022\/01\/Future-Proof-converted-scaled-2-1500x450.jpeg 1500w, https:\/\/smurfitwestrockdisplay.be\/wp-content\/uploads\/2022\/01\/Future-Proof-converted-scaled-2-705x212.jpeg 705w\" sizes=\"(max-width: 2560px) 100vw, 2560px\" \/><\/div><\/li><\/ul><\/div><\/div>\n\n<style type=\"text\/css\" data-created_by=\"avia_inline_auto\" id=\"style-css-av-12vv89-bda397622a02c9e9b5c981999a8f7aac\">\n.avia-section.av-12vv89-bda397622a02c9e9b5c981999a8f7aac{\nmargin-top:0;\nmargin-bottom:0;\n}\n<\/style>\n<div id='av_section_1'  class='avia-section av-12vv89-bda397622a02c9e9b5c981999a8f7aac main_color avia-section-small avia-no-border-styling  avia-builder-el-1  el_after_av_slideshow_full  el_before_av_section  av-small-hide av-mini-hide avia-bg-style-scroll container_wrap fullsize'  ><div class='container av-section-cont-open' ><div class='template-page content  av-content-full alpha units'><div class='post-entry post-entry-type-page post-entry-5405'><div class='entry-content-wrapper clearfix'>\n<div  class='flex_column av-qpm81-5116bd50b100b28bc8bc2d45e6b1f9a7 av_one_third  avia-builder-el-2  el_before_av_two_third  avia-builder-el-first  first flex_column_div  '     ><style type=\"text\/css\" data-created_by=\"avia_inline_auto\" id=\"style-css-av-kx4v4zeu-4ba90bbc0cfb60dae3fb89cdcaad5618\">\n#top .av-special-heading.av-kx4v4zeu-4ba90bbc0cfb60dae3fb89cdcaad5618{\npadding-bottom:10px;\n}\nbody .av-special-heading.av-kx4v4zeu-4ba90bbc0cfb60dae3fb89cdcaad5618 .av-special-heading-tag .heading-char{\nfont-size:25px;\n}\n.av-special-heading.av-kx4v4zeu-4ba90bbc0cfb60dae3fb89cdcaad5618 .av-subheading{\nfont-size:15px;\n}\n<\/style>\n<div  class='av-special-heading av-kx4v4zeu-4ba90bbc0cfb60dae3fb89cdcaad5618 av-special-heading-h1 blockquote modern-quote  avia-builder-el-3  avia-builder-el-no-sibling '><h1 class='av-special-heading-tag '  itemprop=\"headline\"  >\u00c0 l\u2019\u00e9preuve du futur<\/h1><div class=\"special-heading-border\"><div class=\"special-heading-inner-border\"><\/div><\/div><\/div><\/div><div  class='flex_column av-4jqx-fb03ca8fe0057a60bfc39368428c9d58 av_two_third  avia-builder-el-4  el_after_av_one_third  avia-builder-el-last  flex_column_div  '     ><div  class='avia-buttonrow-wrap av-kx4ve8ic-1080334fe07461db36eb4c4faff8296a avia-buttonrow-right  avia-builder-el-5  avia-builder-el-no-sibling '>\n\n<style type=\"text\/css\" data-created_by=\"avia_inline_auto\" id=\"style-css-av-kx4vdv0c-4fe4b0ade83fce2800472fe89366e623\">\n#top #wrap_all .avia-button.av-kx4vdv0c-4fe4b0ade83fce2800472fe89366e623{\nbackground-color:#ffffff;\nborder-color:#444444;\ncolor:#444444;\nborder-style:solid;\nborder-width:1px 1px 1px 1px;\ntransition:all 0.4s ease-in-out;\nmargin-bottom:5px;\nmargin-left:5px;\n}\n#top #wrap_all .avia-button.av-kx4vdv0c-4fe4b0ade83fce2800472fe89366e623 .avia-svg-icon svg:first-child{\nfill:#444444;\nstroke:#444444;\n}\n<\/style>\n<a href='https:\/\/smurfitwestrockdisplay.be\/fr\/smurfit-westrock-display-belgique\/qui-nous-sommes\/services\/'  class='avia-button av-kx4vdv0c-4fe4b0ade83fce2800472fe89366e623 avia-icon_select-yes-left-icon avia-size-small'   aria-label=\"Servicing\"><span class='avia_button_icon avia_button_icon_left avia-iconfont avia-font-entypo-fontello' data-av_icon='\ue87c' data-av_iconfont='entypo-fontello' ><\/span><span class='avia_iconbox_title' >Servicing<\/span><\/a>\n\n<style type=\"text\/css\" data-created_by=\"avia_inline_auto\" id=\"style-css-av-kx4vdv0c-1-9a70ce01c13751e14c63bcae05f7bea7\">\n#top #wrap_all .avia-button.av-kx4vdv0c-1-9a70ce01c13751e14c63bcae05f7bea7{\nbackground-color:#ffffff;\nborder-color:#444444;\ncolor:#444444;\nborder-style:solid;\nborder-width:1px 1px 1px 1px;\ntransition:all 0.4s ease-in-out;\nmargin-bottom:5px;\nmargin-left:5px;\n}\n#top #wrap_all .avia-button.av-kx4vdv0c-1-9a70ce01c13751e14c63bcae05f7bea7 .avia-svg-icon svg:first-child{\nfill:#444444;\nstroke:#444444;\n}\n<\/style>\n<a href='https:\/\/smurfitwestrockdisplay.be\/fr\/smurfit-westrock-display-belgique\/qui-nous-sommes\/nos-valeurs\/'  class='avia-button av-kx4vdv0c-1-9a70ce01c13751e14c63bcae05f7bea7 avia-icon_select-yes-right-icon avia-size-small'   aria-label=\"Nos valeurs\"><span class='avia_iconbox_title' >Nos valeurs<\/span><span class='avia_button_icon avia_button_icon_right avia-iconfont avia-font-entypo-fontello' data-av_icon='\ue87d' data-av_iconfont='entypo-fontello' ><\/span><\/a>\n<\/div><\/div>\n\n<\/div><\/div><\/div><!-- close content main div --><\/div><\/div>\n<style type=\"text\/css\" data-created_by=\"avia_inline_auto\" id=\"style-css-av-ugqf5-1fe35d0ab6226b6ee2ad8707273f03c3\">\n.avia-section.av-ugqf5-1fe35d0ab6226b6ee2ad8707273f03c3{\nmargin-top:0px;\nmargin-bottom:-20px;\n}\n<\/style>\n<div id='av_section_2'  class='avia-section av-ugqf5-1fe35d0ab6226b6ee2ad8707273f03c3 main_color avia-section-small avia-no-border-styling  avia-builder-el-6  el_after_av_section  el_before_av_layout_row  av-desktop-hide av-medium-hide avia-bg-style-scroll container_wrap fullsize'  ><div class='container av-section-cont-open' ><div class='template-page content  av-content-full alpha units'><div class='post-entry post-entry-type-page post-entry-5405'><div class='entry-content-wrapper clearfix'>\n<div  class='flex_column av-nfa6x-87375bcd81b08b07e1dd5c964ac96012 av_one_full  avia-builder-el-7  avia-builder-el-no-sibling  first flex_column_div  '     ><div  class='avia-buttonrow-wrap av-kx8wgiwn-3d6d9dcecc4516ece3cef6973ff96bb8 avia-buttonrow-center  avia-builder-el-8  avia-builder-el-no-sibling '>\n\n<style type=\"text\/css\" data-created_by=\"avia_inline_auto\" id=\"style-css-av-1ods1-c32c6678d949d99d30cc8eca8e663240\">\n#top #wrap_all .avia-button.av-1ods1-c32c6678d949d99d30cc8eca8e663240{\nbackground-color:#ffffff;\nborder-color:#444444;\ncolor:#444444;\nborder-style:solid;\nborder-width:1px 1px 1px 1px;\ntransition:all 0.4s ease-in-out;\nmargin-bottom:5px;\nmargin-right:3px;\nmargin-left:3px;\n}\n#top #wrap_all .avia-button.av-1ods1-c32c6678d949d99d30cc8eca8e663240 .avia-svg-icon svg:first-child{\nfill:#444444;\nstroke:#444444;\n}\n<\/style>\n<a href='https:\/\/smurfitwestrockdisplay.be\/fr\/smurfit-westrock-display-belgique\/qui-nous-sommes\/services\/'  class='avia-button av-1ods1-c32c6678d949d99d30cc8eca8e663240 avia-icon_select-yes-left-icon avia-size-small'   aria-label=\"Servicing\"><span class='avia_button_icon avia_button_icon_left avia-iconfont avia-font-entypo-fontello' data-av_icon='\ue87c' data-av_iconfont='entypo-fontello' ><\/span><span class='avia_iconbox_title' >Servicing<\/span><\/a>\n\n<style type=\"text\/css\" data-created_by=\"avia_inline_auto\" id=\"style-css-av-7hyj5-550cbf605e034c48f9f8c6bfa22f4fb9\">\n#top #wrap_all .avia-button.av-7hyj5-550cbf605e034c48f9f8c6bfa22f4fb9{\nbackground-color:#ffffff;\nborder-color:#444444;\ncolor:#444444;\nborder-style:solid;\nborder-width:1px 1px 1px 1px;\ntransition:all 0.4s ease-in-out;\nmargin-bottom:5px;\nmargin-right:3px;\nmargin-left:3px;\n}\n#top #wrap_all .avia-button.av-7hyj5-550cbf605e034c48f9f8c6bfa22f4fb9 .avia-svg-icon svg:first-child{\nfill:#444444;\nstroke:#444444;\n}\n<\/style>\n<a href='https:\/\/smurfitwestrockdisplay.be\/fr\/smurfit-westrock-display-belgique\/qui-nous-sommes\/nos-valeurs\/'  class='avia-button av-7hyj5-550cbf605e034c48f9f8c6bfa22f4fb9 avia-icon_select-yes-right-icon avia-size-small'   aria-label=\"Nos valeurs\"><span class='avia_iconbox_title' >Nos valeurs<\/span><span class='avia_button_icon avia_button_icon_right avia-iconfont avia-font-entypo-fontello' data-av_icon='\ue87d' data-av_iconfont='entypo-fontello' ><\/span><\/a>\n<\/div><\/div>\n\n<\/div><\/div><\/div><!-- close content main div --><\/div><\/div><div id='av-layout-grid-1'  class='av-layout-grid-container av-36y6pd-a3793b9b003f606b4a90c85e35731006 entry-content-wrapper alternate_color av-border-cells av-flex-cells  avia-builder-el-9  el_after_av_section  el_before_av_section  grid-row-not-first av-small-hide av-mini-hide container_wrap fullsize'  >\n\n<style type=\"text\/css\" data-created_by=\"avia_inline_auto\" id=\"style-css-av-b4x1d-0c485575cb53c9bef302d40bdcb75eb5\">\n.flex_cell.av-b4x1d-0c485575cb53c9bef302d40bdcb75eb5{\nvertical-align:middle;\n}\n.responsive #top #wrap_all .flex_cell.av-b4x1d-0c485575cb53c9bef302d40bdcb75eb5{\npadding:0 0 0 2.5% !important;\n}\n<\/style>\n<div class='flex_cell av-b4x1d-0c485575cb53c9bef302d40bdcb75eb5 av-gridrow-cell av_one_third no_margin  avia-builder-el-10  el_before_av_cell_two_third  avia-builder-el-first  content-align-middle'  ><div class='flex_cell_inner'><div class='flex_column_table av-2ub1o9-a84fbeeadcfc9ffd092cab06465a07b1 sc-av_one_full av-equal-height-column-flextable'>\n<style type=\"text\/css\" data-created_by=\"avia_inline_auto\" id=\"style-css-av-2ub1o9-a84fbeeadcfc9ffd092cab06465a07b1\">\n.flex_column.av-2ub1o9-a84fbeeadcfc9ffd092cab06465a07b1{\npadding:0 0 0 10%;\n}\n<\/style>\n<div  class='flex_column av-2ub1o9-a84fbeeadcfc9ffd092cab06465a07b1 av_one_full  avia-builder-el-11  avia-builder-el-no-sibling  first flex_column_table_cell av-equal-height-column av-align-top  '     ><section  class='av_textblock_section av-kwz5st9t-9dd12c7ff36badb0d0d7aadfbfe8c728 '   itemscope=\"itemscope\" itemtype=\"https:\/\/schema.org\/CreativeWork\" ><div class='avia_textblock blockquote-futureproof'  itemprop=\"text\" ><blockquote>\n<p><span style=\"font-size: 16pt;\"><em>Chez SKD, nous sommes tourn\u00e9s vers l\u2019avenir. Nous mettons tout en \u0153uvre pour r\u00e9duire notre empreinte \u00e9cologique.\u00a0<\/em><\/span><\/p>\n<\/blockquote>\n<\/div><\/section><\/div><\/div><!--close column table wrapper. Autoclose: 1 -->\n<\/div><\/div><div class='flex_cell av-2suks9-9d1066e7e5e963326ed8d2c344d3301d av-gridrow-cell av_two_third no_margin  avia-builder-el-13  el_after_av_cell_one_third  avia-builder-el-last '  ><div class='flex_cell_inner'><p><div class='flex_column_table av-2iod55-d4042ea0361630bf031857e142795536 sc-av_one_fourth av-equal-height-column-flextable'><div  class='flex_column av-2iod55-d4042ea0361630bf031857e142795536 av_one_fourth  avia-builder-el-14  el_before_av_three_fourth  avia-builder-el-first  first flex_column_table_cell av-equal-height-column av-align-middle av-hide-on-mobile  '     ><style type=\"text\/css\" data-created_by=\"avia_inline_auto\" id=\"style-css-av-kx67qk3z-90de4268860111904dd2a95c9d51184d\">\n.av_font_icon.av-kx67qk3z-90de4268860111904dd2a95c9d51184d{\ncolor:#00a0dd;\nborder-color:#00a0dd;\n}\n.avia-svg-icon.av-kx67qk3z-90de4268860111904dd2a95c9d51184d svg:first-child{\nstroke:#00a0dd;\nfill:#00a0dd;\n}\n.av_font_icon.av-kx67qk3z-90de4268860111904dd2a95c9d51184d .av-icon-char{\nfont-size:100px;\nline-height:100px;\n}\n<\/style>\n<span  class='av_font_icon av-kx67qk3z-90de4268860111904dd2a95c9d51184d avia_animate_when_visible av-icon-style- avia-icon-pos-center avia-iconfont avia-font-icons-sk-def avia-icon-animate'><span class='av-icon-char' data-av_icon='\ue814' data-av_iconfont='icons-sk-def' aria-hidden=\"true\" ><\/span><\/span><\/div><div class='av-flex-placeholder'><\/div>\n<style type=\"text\/css\" data-created_by=\"avia_inline_auto\" id=\"style-css-av-2fcmyh-23b1ebe46666ce93a0027ccabc8e95e3\">\n.flex_column.av-2fcmyh-23b1ebe46666ce93a0027ccabc8e95e3{\npadding:0 5% 0 0;\n}\n<\/style>\n<div  class='flex_column av-2fcmyh-23b1ebe46666ce93a0027ccabc8e95e3 av_three_fourth  avia-builder-el-16  el_after_av_one_fourth  avia-builder-el-last  flex_column_table_cell av-equal-height-column av-align-middle  '     ><section  class='av_textblock_section av-kvjd9cea-642c99ab110874d4e66ae82e3a2419f9 '   itemscope=\"itemscope\" itemtype=\"https:\/\/schema.org\/CreativeWork\" ><div class='avia_textblock'  itemprop=\"text\" ><p>Chez SWD, nous sommes tourn\u00e9s vers l\u2019avenir. Nous mettons tout en \u0153uvre pour r\u00e9duire notre empreinte \u00e9cologique. Des innovations qui rendent nos machines plus <strong>efficaces<\/strong> et <strong>\u00e9conomiques<\/strong> nous y aident. Notre objectif est de cr\u00e9er un processus de product in totalement durable au moyen des <strong>\u00e9nergies renouvelables (FSC)<\/strong>. Cette approche se refl\u00e8te \u00e9galement dans notre \u00e9quipe. Ainsi, tous nos v\u00e9hicules d\u2019entreprise seront respectueux de l\u2019environnement d\u2019ici 2025.<\/p>\n<\/div><\/section><\/div><\/div><!--close column table wrapper. Autoclose: 1 --><\/p>\n<\/div><\/div>\n<\/div>\n<div id='av_section_3'  class='avia-section av-6qcpd-89e3afd008fede544419e22646a733f0 main_color avia-section-no-padding avia-no-border-styling  avia-builder-el-18  el_after_av_layout_row  el_before_av_section  av-desktop-hide av-medium-hide avia-bg-style-scroll container_wrap fullsize'  ><div class='container av-section-cont-open' ><div class='template-page content  av-content-full alpha units'><div class='post-entry post-entry-type-page post-entry-5405'><div class='entry-content-wrapper clearfix'>\n<div  class='flex_column av-kx8wdelu-d114809816237ed9114f7f1f2e752ec5 av_one_full  avia-builder-el-19  avia-builder-el-no-sibling  first flex_column_div  '     ><p>\n<style type=\"text\/css\" data-created_by=\"avia_inline_auto\" id=\"style-css-av-kx8wbntg-cbd909b4ce854871be18b21f183628eb\">\n.iconbox.av-kx8wbntg-cbd909b4ce854871be18b21f183628eb .iconbox_icon{\nbackground-color:#7b619d;\n}\n#top #wrap_all .iconbox.av-kx8wbntg-cbd909b4ce854871be18b21f183628eb .iconbox_content_title{\nfont-size:28px;\ncolor:#7b619d;\n}\n.iconbox.av-kx8wbntg-cbd909b4ce854871be18b21f183628eb .iconbox_content_container{\nfont-size:20px;\n}\n<\/style>\n<article  class='iconbox iconbox_top av-kx8wbntg-cbd909b4ce854871be18b21f183628eb  avia-builder-el-20  el_before_av_textblock  avia-builder-el-first  main_color'  itemscope=\"itemscope\" itemtype=\"https:\/\/schema.org\/CreativeWork\" ><div class=\"iconbox_content\"><header class=\"entry-content-header\" aria-label=\"Ic\u00f4ne : \u00c0 L\u2019\u00c9PREUVE DU FUTUR\"><div class='iconbox_icon heading-color avia-iconfont avia-font-icons-sk-def' data-av_icon='\ue814' data-av_iconfont='icons-sk-def'  ><\/div><h3 class='iconbox_content_title '  itemprop=\"headline\" >\u00c0 L\u2019\u00c9PREUVE DU FUTUR<\/h3><\/header><div class='iconbox_content_container '  itemprop=\"text\" ><p><span style=\"font-weight: 400;\">Chez SWD, nous sommes tourn\u00e9s vers l\u2019avenir<\/span><b>.<\/b><span style=\"font-weight: 400;\"> Nous mettons tout en \u0153uvre pour r\u00e9duire notre empreinte \u00e9cologique.<\/span><\/p>\n<\/div><\/div><footer class=\"entry-footer\"><\/footer><\/article><br \/>\n<section  class='av_textblock_section av-v961-77785f4f738b2889e863c4144a3faf32 '   itemscope=\"itemscope\" itemtype=\"https:\/\/schema.org\/CreativeWork\" ><div class='avia_textblock'  itemprop=\"text\" ><p>Des innovations qui rendent nos machines plus <strong>efficaces<\/strong> et <strong>\u00e9conomiques<\/strong> nous y aident. Notre objectif est de cr\u00e9er un processus de production totalement durable au moyen des <strong>\u00e9nergies renouvelables<\/strong>. Cette approche se refl\u00e8te \u00e9galement dans notre \u00e9quipe. Ainsi, tous nos v\u00e9hicules d\u2019entreprise seront respectueux de l\u2019environnement d\u2019ici 2025.<\/p>\n<p>Nos innovations nous permettent de fabriquer <strong>100 %<\/strong> de nos pr\u00e9sentoirs de points de vente avec du <strong>carton durable<\/strong>. Nous sommes ainsi le leader du march\u00e9 en mati\u00e8re de solutions circulaires durables.<\/p>\n<\/div><\/section><\/p><\/div>\n\n<\/div><\/div><\/div><!-- close content main div --><\/div><\/div><div id='av_section_4'  class='avia-section av-81kjt-ef626e6cab855ec794b1f0774239fac7 main_color avia-section-small avia-no-border-styling  avia-builder-el-22  el_after_av_section  avia-builder-el-last  avia-bg-style-scroll container_wrap fullsize'  ><div class='container av-section-cont-open' ><div class='template-page content  av-content-full alpha units'><div class='post-entry post-entry-type-page post-entry-5405'><div class='entry-content-wrapper clearfix'>\n<div class='flex_column_table av-2354fd-8c8b7d2e05f1f8076d9ec123f8982e69 sc-av_one_half av-equal-height-column-flextable'>\n<style type=\"text\/css\" data-created_by=\"avia_inline_auto\" id=\"style-css-av-2354fd-8c8b7d2e05f1f8076d9ec123f8982e69\">\n.flex_column.av-2354fd-8c8b7d2e05f1f8076d9ec123f8982e69{\nwidth:47.5%;\nmargin-left:0;\n}\n#top .flex_column_table.av-equal-height-column-flextable.av-2354fd-8c8b7d2e05f1f8076d9ec123f8982e69 .av-flex-placeholder{\nwidth:5%;\n}\n<\/style>\n<div  class='flex_column av-2354fd-8c8b7d2e05f1f8076d9ec123f8982e69 av_one_half  avia-builder-el-23  el_before_av_one_half  avia-builder-el-first  first flex_column_table_cell av-equal-height-column av-align-middle  '     ><style type=\"text\/css\" data-created_by=\"avia_inline_auto\" id=\"style-css-av-kx66jyhy-7ce623d56921c1150016d08369b6c982\">\n.avia-image-container.av-kx66jyhy-7ce623d56921c1150016d08369b6c982 img.avia_image{\nbox-shadow:none;\n}\n.avia-image-container.av-kx66jyhy-7ce623d56921c1150016d08369b6c982 .av-image-caption-overlay-center{\ncolor:#ffffff;\n}\n<\/style>\n<div  class='avia-image-container av-kx66jyhy-7ce623d56921c1150016d08369b6c982 av-styling- avia-align-center  avia-builder-el-24  avia-builder-el-no-sibling '   itemprop=\"image\" itemscope=\"itemscope\" itemtype=\"https:\/\/schema.org\/ImageObject\" ><div class=\"avia-image-container-inner\"><div class=\"avia-image-overlay-wrap\"><img decoding=\"async\" fetchpriority=\"high\" class='wp-image-10375 avia-img-lazy-loading-not-10375 avia_image ' src=\"https:\/\/smurfitwestrockdisplay.be\/wp-content\/uploads\/2024\/07\/Infographic-Future-Proof-2-1000x529.jpg\" alt='Mod\u00e8le circulaire Smurfit Westrock' title='Infographic-Future-Proof-2'  height=\"529\" width=\"1000\"  itemprop=\"thumbnailUrl\" srcset=\"https:\/\/smurfitwestrockdisplay.be\/wp-content\/uploads\/2024\/07\/Infographic-Future-Proof-2-1000x529.jpg 1000w, https:\/\/smurfitwestrockdisplay.be\/wp-content\/uploads\/2024\/07\/Infographic-Future-Proof-2-768x406.jpg 768w, https:\/\/smurfitwestrockdisplay.be\/wp-content\/uploads\/2024\/07\/Infographic-Future-Proof-2-1536x813.jpg 1536w, https:\/\/smurfitwestrockdisplay.be\/wp-content\/uploads\/2024\/07\/Infographic-Future-Proof-2-1500x794.jpg 1500w, https:\/\/smurfitwestrockdisplay.be\/wp-content\/uploads\/2024\/07\/Infographic-Future-Proof-2-710x375.jpg 710w, https:\/\/smurfitwestrockdisplay.be\/wp-content\/uploads\/2024\/07\/Infographic-Future-Proof-2-705x373.jpg 705w, https:\/\/smurfitwestrockdisplay.be\/wp-content\/uploads\/2024\/07\/Infographic-Future-Proof-2.jpg 1977w\" sizes=\"(max-width: 1000px) 100vw, 1000px\" \/><\/div><\/div><\/div><\/div><div class='av-flex-placeholder'><\/div>\n<style type=\"text\/css\" data-created_by=\"avia_inline_auto\" id=\"style-css-av-1wzb35-9a34aa3c8546f140714ae0e4d0d51532\">\n.flex_column.av-1wzb35-9a34aa3c8546f140714ae0e4d0d51532{\nwidth:47.5%;\nmargin-left:0;\n}\n#top .flex_column_table.av-equal-height-column-flextable.av-1wzb35-9a34aa3c8546f140714ae0e4d0d51532 .av-flex-placeholder{\nwidth:5%;\n}\n<\/style>\n<div  class='flex_column av-1wzb35-9a34aa3c8546f140714ae0e4d0d51532 av_one_half  avia-builder-el-25  el_after_av_one_half  avia-builder-el-last  flex_column_table_cell av-equal-height-column av-align-middle  '     ><section  class='av_textblock_section av-6s4qx-88c83199431d930bb32d08e15227a3e9 '   itemscope=\"itemscope\" itemtype=\"https:\/\/schema.org\/CreativeWork\" ><div class='avia_textblock'  itemprop=\"text\" ><p>Le carton est un mat\u00e9riau durable fabriqu\u00e9 \u00e0 partir de cellulose. La cellulose obtenue \u00e0 partir de mat\u00e9riau organique peut \u00eatre recycl\u00e9e jusqu\u2019\u00e0 sept fois. Les moisissures et les bact\u00e9ries d\u00e9composent ensuite le <strong>r\u00e9sidu<\/strong> en compost \u00e0 partir duquel une nouvelle plantation est cultiv\u00e9e. Pour veiller \u00e0 ce qu\u2019il en soit ainsi, notre carton FSC fait partie de la cha\u00eene de contr\u00f4le de Smurfit Kappa Cha\u00eene de contr\u00f4le.<\/p>\n<p style=\"text-align: right;\"><span style=\"font-size: 10pt;\"><a href=\"https:\/\/www.smurfitkappa.com\/nl\/sustainability\/our-circular-business\/chain-of-custody\" target=\"_blank\" rel=\"noopener\">Chain of Custody | Smurfit Westrock<\/a><\/span><\/p>\n<\/div><\/section><\/div><\/div><!--close column table wrapper. Autoclose: 1 -->\n","protected":false},"excerpt":{"rendered":"","protected":false},"author":4,"featured_media":0,"parent":5042,"menu_order":0,"comment_status":"closed","ping_status":"closed","template":"","meta":{"_seopress_robots_primary_cat":"","_seopress_titles_title":"%%post_title%% %%sep%% %%sitetitle%%","_seopress_titles_desc":"","_seopress_robots_index":"","footnotes":""},"class_list":["post-5405","page","type-page","status-publish","hentry"],"_links":{"self":[{"href":"https:\/\/smurfitwestrockdisplay.be\/fr\/wp-json\/wp\/v2\/pages\/5405","targetHints":{"allow":["GET"]}}],"collection":[{"href":"https:\/\/smurfitwestrockdisplay.be\/fr\/wp-json\/wp\/v2\/pages"}],"about":[{"href":"https:\/\/smurfitwestrockdisplay.be\/fr\/wp-json\/wp\/v2\/types\/page"}],"author":[{"embeddable":true,"href":"https:\/\/smurfitwestrockdisplay.be\/fr\/wp-json\/wp\/v2\/users\/4"}],"replies":[{"embeddable":true,"href":"https:\/\/smurfitwestrockdisplay.be\/fr\/wp-json\/wp\/v2\/comments?post=5405"}],"version-history":[{"count":81,"href":"https:\/\/smurfitwestrockdisplay.be\/fr\/wp-json\/wp\/v2\/pages\/5405\/revisions"}],"predecessor-version":[{"id":13257,"href":"https:\/\/smurfitwestrockdisplay.be\/fr\/wp-json\/wp\/v2\/pages\/5405\/revisions\/13257"}],"up":[{"embeddable":true,"href":"https:\/\/smurfitwestrockdisplay.be\/fr\/wp-json\/wp\/v2\/pages\/5042"}],"wp:attachment":[{"href":"https:\/\/smurfitwestrockdisplay.be\/fr\/wp-json\/wp\/v2\/media?parent=5405"}],"curies":[{"name":"wp","href":"https:\/\/api.w.org\/{rel}","templated":true}]}}