{"id":13379,"date":"2026-04-30T14:42:25","date_gmt":"2026-04-30T12:42:25","guid":{"rendered":"https:\/\/smurfitwestrockdisplay.be\/smurfit-westrock-display-belgique\/nos-solutions\/nos-standards\/skounter\/"},"modified":"2026-04-30T14:42:33","modified_gmt":"2026-04-30T12:42:33","slug":"skounter","status":"publish","type":"page","link":"https:\/\/smurfitwestrockdisplay.be\/fr\/smurfit-westrock-display-belgique\/nos-solutions\/nos-standards\/skounter\/","title":{"rendered":"Skounter"},"content":{"rendered":"<div  class='hr av-jk7rpl-67e0d79fc66d8031a55eac5635d7998a hr-default  avia-builder-el-0  el_before_av_section  avia-builder-el-no-sibling '><span class='hr-inner '><span class=\"hr-inner-style\"><\/span><\/span><\/div>\n<\/div><\/div><\/div><!-- close content main div --><\/div><\/div>\n<style type=\"text\/css\" data-created_by=\"avia_inline_auto\" id=\"style-css-av-6v0tajt-33c8fb01bc3c8e8490e18b0b236266f7\">\n.avia-section.av-6v0tajt-33c8fb01bc3c8e8490e18b0b236266f7{\nmargin-top:0;\nmargin-bottom:0;\n}\n<\/style>\n<div id='av_section_1'  class='avia-section av-6v0tajt-33c8fb01bc3c8e8490e18b0b236266f7 main_color avia-section-small avia-no-border-styling  avia-builder-el-1  el_after_av_hr  el_before_av_layout_row  av-small-hide av-mini-hide avia-bg-style-scroll container_wrap fullsize'  ><div class='container av-section-cont-open' ><div class='template-page content  av-content-full alpha units'><div class='post-entry post-entry-type-page post-entry-13379'><div class='entry-content-wrapper clearfix'>\n<div  class='flex_column av-65nbx3d-53f9c9f8dc577504cd5caac71b5952ad av_one_half  avia-builder-el-2  el_before_av_one_half  avia-builder-el-first  first flex_column_div  '     ><style type=\"text\/css\" data-created_by=\"avia_inline_auto\" id=\"style-css-av-mf138z41-075602728bf4208d1ec38a40bdff28b1\">\n#top .av-special-heading.av-mf138z41-075602728bf4208d1ec38a40bdff28b1{\npadding-bottom:10px;\n}\nbody .av-special-heading.av-mf138z41-075602728bf4208d1ec38a40bdff28b1 .av-special-heading-tag .heading-char{\nfont-size:25px;\n}\n.av-special-heading.av-mf138z41-075602728bf4208d1ec38a40bdff28b1 .av-subheading{\nfont-size:15px;\n}\n<\/style>\n<div  class='av-special-heading av-mf138z41-075602728bf4208d1ec38a40bdff28b1 av-special-heading-h1 blockquote modern-quote  avia-builder-el-3  avia-builder-el-no-sibling '><h1 class='av-special-heading-tag '  itemprop=\"headline\"  >Nos solutions : Skounter<\/h1><div class=\"special-heading-border\"><div class=\"special-heading-inner-border\"><\/div><\/div><\/div><\/div><div  class='flex_column av-5ojezs9-88c69ac18ff58bdd8a55ccbd0c276361 av_one_half  avia-builder-el-4  el_after_av_one_half  avia-builder-el-last  flex_column_div  '     ><div  class='avia-buttonrow-wrap av-mf13b4hu-9bbc7dce859c48681843455f4e09d864 avia-buttonrow-right  avia-builder-el-5  avia-builder-el-no-sibling '>\n\n<style type=\"text\/css\" data-created_by=\"avia_inline_auto\" id=\"style-css-av-mf139ufn-d0bf0fa7675aa65146d39669c3d3601d\">\n#top #wrap_all .avia-button.av-mf139ufn-d0bf0fa7675aa65146d39669c3d3601d{\nbackground-color:#ffffff;\nborder-color:#444444;\ncolor:#444444;\nborder-style:solid;\nborder-width:1px 1px 1px 1px;\ntransition:all 0.4s ease-in-out;\nmargin-bottom:5px;\nmargin-left:5px;\n}\n#top #wrap_all .avia-button.av-mf139ufn-d0bf0fa7675aa65146d39669c3d3601d .avia-svg-icon svg:first-child{\nfill:#444444;\nstroke:#444444;\n}\n<\/style>\n<a href='https:\/\/smurfitwestrockdisplay.be\/fr\/smurfit-westrock-display-belgique\/nos-solutions\/nos-standards\/kezako\/'  class='avia-button av-mf139ufn-d0bf0fa7675aa65146d39669c3d3601d avia-icon_select-yes-left-icon avia-size-small'   aria-label=\"Kezako\"><span class='avia_button_icon avia_button_icon_left avia-iconfont avia-font-entypo-fontello' data-av_icon='\ue87c' data-av_iconfont='entypo-fontello' ><\/span><span class='avia_iconbox_title' >Kezako<\/span><\/a>\n\n<style type=\"text\/css\" data-created_by=\"avia_inline_auto\" id=\"style-css-av-mf13b1n0-f0228485f2c50995459ee09430084f26\">\n#top #wrap_all .avia-button.av-mf13b1n0-f0228485f2c50995459ee09430084f26{\nbackground-color:#ffffff;\nborder-color:#444444;\ncolor:#444444;\nborder-style:solid;\nborder-width:1px 1px 1px 1px;\ntransition:all 0.4s ease-in-out;\nmargin-bottom:5px;\nmargin-left:5px;\n}\n#top #wrap_all .avia-button.av-mf13b1n0-f0228485f2c50995459ee09430084f26 .avia-svg-icon svg:first-child{\nfill:#444444;\nstroke:#444444;\n}\n<\/style>\n<a href='https:\/\/smurfitwestrockdisplay.be\/fr\/smurfit-westrock-display-belgique\/nos-solutions\/nos-standards\/diskaio\/'  class='avia-button av-mf13b1n0-f0228485f2c50995459ee09430084f26 avia-icon_select-yes-right-icon avia-size-small'   aria-label=\"Diskaio\"><span class='avia_iconbox_title' >Diskaio<\/span><span class='avia_button_icon avia_button_icon_right avia-iconfont avia-font-entypo-fontello' data-av_icon='\ue87d' data-av_iconfont='entypo-fontello' ><\/span><\/a>\n<\/div><\/div><\/div><\/div><\/div><!-- close content main div --><\/div><\/div><div id='av-layout-grid-1'  class='av-layout-grid-container av-5bsfxjd-6873b1786f248b6ad33048bff79dc5b2 entry-content-wrapper main_color av-flex-cells  avia-builder-el-6  el_after_av_section  el_before_av_textblock  grid-row-not-first  container_wrap fullsize'  >\n<div class='flex_cell av-4u6o02x-684ad65ef76246ed10109563dde4fbbf av-gridrow-cell av_one_third no_margin  avia-builder-el-7  el_before_av_cell_two_third  avia-builder-el-first '  ><div class='flex_cell_inner'><p>\n<style type=\"text\/css\" data-created_by=\"avia_inline_auto\" id=\"style-css-av-mf13uuth-fc53869d8d3c00cd7fbb63e965dea81c\">\n.avia_transform .avia-image-container.av-mf13uuth-fc53869d8d3c00cd7fbb63e965dea81c{\nanimation-duration:2s;\n}\n.avia-image-container.av-mf13uuth-fc53869d8d3c00cd7fbb63e965dea81c img.avia_image{\nbox-shadow:none;\n}\n.avia-image-container.av-mf13uuth-fc53869d8d3c00cd7fbb63e965dea81c .av-image-caption-overlay-center{\ncolor:#ffffff;\n}\n<\/style>\n<div  class='avia-image-container av-mf13uuth-fc53869d8d3c00cd7fbb63e965dea81c av-styling- avia_animated_image av-animated-when-visible-95 pop-up avia-align-center  avia-builder-el-8  el_before_av_button  avia-builder-el-first '   itemprop=\"image\" itemscope=\"itemscope\" itemtype=\"https:\/\/schema.org\/ImageObject\" ><div class=\"avia-image-container-inner\"><div class=\"avia-image-overlay-wrap\"><img decoding=\"async\" fetchpriority=\"high\" class='wp-image-12390 avia-img-lazy-loading-not-12390 avia_image ' src=\"https:\/\/smurfitwestrockdisplay.be\/wp-content\/uploads\/2025\/09\/skounterfilaire.jpg\" alt='skounter 3d&amp;wired' title='skounter&amp;filaire'  height=\"478\" width=\"483\"  itemprop=\"thumbnailUrl\" srcset=\"https:\/\/smurfitwestrockdisplay.be\/wp-content\/uploads\/2025\/09\/skounterfilaire.jpg 483w, https:\/\/smurfitwestrockdisplay.be\/wp-content\/uploads\/2025\/09\/skounterfilaire-80x80.jpg 80w, https:\/\/smurfitwestrockdisplay.be\/wp-content\/uploads\/2025\/09\/skounterfilaire-36x36.jpg 36w\" sizes=\"(max-width: 483px) 100vw, 483px\" \/><\/div><\/div><\/div><br \/>\n<div  class='avia-button-wrap av-mf140jsy-cda1b5574ee708d4ae6206481675747d-wrap avia-button-center  avia-builder-el-9  el_after_av_image  avia-builder-el-last '><a href='https:\/\/smurfitwestrockdisplay.be\/wp-content\/uploads\/2025\/09\/ONE-PAGERS_kezako_NL-pdf-1000x707.jpg'  class='avia-button av-mf140jsy-cda1b5574ee708d4ae6206481675747d av-download-btn noLightbox avia-icon_select-yes-left-icon avia-size-large avia-position-center av-desktop-hide av-medium-hide av-small-hide av-mini-hide avia-color-theme-color' download  aria-label=\"T\u00e9l\u00e9charger le fiche r\u00e9capitulative\"><span class='avia_button_icon avia_button_icon_left avia-svg-icon avia-font-svg_entypo-fontello' data-av_svg_icon='download' data-av_iconset='svg_entypo-fontello'><svg version=\"1.1\" xmlns=\"http:\/\/www.w3.org\/2000\/svg\" width=\"32\" height=\"32\" viewBox=\"0 0 32 32\" preserveAspectRatio=\"xMidYMid meet\" aria-labelledby='av-svg-title-1' aria-describedby='av-svg-desc-1' role=\"graphics-symbol\">\n<title id='av-svg-title-1'>Download<\/title>\n<desc id='av-svg-desc-1'>Download<\/desc>\n<path d=\"M30.976 20.864q0.576 0.32 0.864 1.024t0.096 1.28l-0.896 4.928q-0.128 0.64-0.704 1.056t-1.28 0.416h-26.112q-0.704 0-1.28-0.416t-0.704-1.056l-0.896-4.928q-0.32-1.536 1.024-2.304l5.056-3.456h3.136l-5.44 4.16h5.696q0.256 0 0.384 0.256l1.28 3.52h9.6l1.28-3.52q0.256-0.256 0.384-0.256h5.696l-5.44-4.16h3.136zM24.32 10.56l-8.32 7.808-8.32-7.808h5.312v-8.192h6.080v8.192h5.248z\"><\/path>\n<\/svg><\/span><span class='avia_iconbox_title' >T\u00e9l\u00e9charger le fiche r\u00e9capitulative<\/span><\/a><\/div><\/p>\n<\/div><\/div>\n<style type=\"text\/css\" data-created_by=\"avia_inline_auto\" id=\"style-css-av-mf163sca-979d256964a558a01c97d38654a5f701\">\n.flex_cell.av-mf163sca-979d256964a558a01c97d38654a5f701{\nvertical-align:middle;\n}\n<\/style>\n<div class='flex_cell av-mf163sca-979d256964a558a01c97d38654a5f701 av-gridrow-cell av_two_third no_margin  avia-builder-el-10  el_after_av_cell_one_third  avia-builder-el-last  content-align-middle'  ><div class='flex_cell_inner'><p><div  class='flex_column av-5luq755-3ac9baf27a847aba45a62e17a9a5a016 av_one_third  avia-builder-el-11  el_before_av_one_third  avia-builder-el-first  first flex_column_div  '     ><style type=\"text\/css\" data-created_by=\"avia_inline_auto\" id=\"style-css-av-5ehug3t-d3a0db3d0b8be0288c9653e3997b1efa\">\n.iconbox.av-5ehug3t-d3a0db3d0b8be0288c9653e3997b1efa .iconbox_icon{\ncolor:#00669b;\n}\n.iconbox.av-5ehug3t-d3a0db3d0b8be0288c9653e3997b1efa .iconbox_icon.avia-svg-icon svg:first-child{\nfill:#00669b;\nstroke:#00669b;\n}\n#top #wrap_all .iconbox.av-5ehug3t-d3a0db3d0b8be0288c9653e3997b1efa .iconbox_content_title{\ncolor:#00669b;\n}\n<\/style>\n<article  class='iconbox iconbox_left_content av-5ehug3t-d3a0db3d0b8be0288c9653e3997b1efa av-icon-style-no-border  avia-builder-el-12  avia-builder-el-no-sibling '  itemscope=\"itemscope\" itemtype=\"https:\/\/schema.org\/CreativeWork\" ><div class='iconbox_icon heading-color avia-iconfont avia-font-swd2025font' data-av_icon='\ue803' data-av_iconfont='swd2025font'  ><\/div><div class=\"iconbox_content\"><header class=\"entry-content-header\" aria-label=\"Ic\u00f4ne : Mono Material\"><h2 class='iconbox_content_title '  itemprop=\"headline\" >Mono Material<\/h2><\/header><div class='iconbox_content_container '  itemprop=\"text\" ><p>\u2022 100% recyclable<\/p>\n<p>\u2022 100% certifi\u00e9 FSC<\/p>\n<\/div><\/div><footer class=\"entry-footer\"><\/footer><\/article><\/div><div  class='flex_column av-4tr0avd-4110a9c376022965f90468e5b79257ca av_one_third  avia-builder-el-13  el_after_av_one_third  el_before_av_one_third  flex_column_div  '     ><style type=\"text\/css\" data-created_by=\"avia_inline_auto\" id=\"style-css-av-49szjbd-5acb0bcbcfec704c8195e8df304e39cf\">\n.iconbox.av-49szjbd-5acb0bcbcfec704c8195e8df304e39cf .iconbox_icon{\ncolor:#00669b;\n}\n.iconbox.av-49szjbd-5acb0bcbcfec704c8195e8df304e39cf .iconbox_icon.avia-svg-icon svg:first-child{\nfill:#00669b;\nstroke:#00669b;\n}\n#top #wrap_all .iconbox.av-49szjbd-5acb0bcbcfec704c8195e8df304e39cf .iconbox_content_title{\ncolor:#00669b;\n}\n<\/style>\n<article  class='iconbox iconbox_left_content av-49szjbd-5acb0bcbcfec704c8195e8df304e39cf av-icon-style-no-border  avia-builder-el-14  avia-builder-el-no-sibling '  itemscope=\"itemscope\" itemtype=\"https:\/\/schema.org\/CreativeWork\" ><div class='iconbox_icon heading-color avia-iconfont avia-font-swd2025font2' data-av_icon='\ue807' data-av_iconfont='swd2025font2'  ><\/div><div class=\"iconbox_content\"><header class=\"entry-content-header\" aria-label=\"Ic\u00f4ne : Produits visibles\"><h2 class='iconbox_content_title '  itemprop=\"headline\" >Produits visibles<\/h2><\/header><div class='iconbox_content_container '  itemprop=\"text\" ><p>Les produits, gr\u00e2ce aux cot\u00e9s ouverts, profitent d&rsquo;une visibilit\u00e9 maximale.<\/p>\n<\/div><\/div><footer class=\"entry-footer\"><\/footer><\/article><\/div><div  class='flex_column av-3x0elqh-8409c30a0dc21d44709ed979a577c4f6 av_one_third  avia-builder-el-15  el_after_av_one_third  el_before_av_one_third  flex_column_div  '     ><style type=\"text\/css\" data-created_by=\"avia_inline_auto\" id=\"style-css-av-3o7jpl5-860a9a56fe7767314e31c9ee6b71140f\">\n.iconbox.av-3o7jpl5-860a9a56fe7767314e31c9ee6b71140f .iconbox_icon{\ncolor:#00669b;\n}\n.iconbox.av-3o7jpl5-860a9a56fe7767314e31c9ee6b71140f .iconbox_icon.avia-svg-icon svg:first-child{\nfill:#00669b;\nstroke:#00669b;\n}\n#top #wrap_all .iconbox.av-3o7jpl5-860a9a56fe7767314e31c9ee6b71140f .iconbox_content_title{\ncolor:#00669b;\n}\n<\/style>\n<article  class='iconbox iconbox_left_content av-3o7jpl5-860a9a56fe7767314e31c9ee6b71140f av-icon-style-no-border  avia-builder-el-16  avia-builder-el-no-sibling '  itemscope=\"itemscope\" itemtype=\"https:\/\/schema.org\/CreativeWork\" ><div class='iconbox_icon heading-color avia-iconfont avia-font-swd2025font2' data-av_icon='\ue80b' data-av_iconfont='swd2025font2'  ><\/div><div class=\"iconbox_content\"><header class=\"entry-content-header\" aria-label=\"Ic\u00f4ne : Faible encombrement de stockage\"><h2 class='iconbox_content_title '  itemprop=\"headline\" >Faible encombrement de stockage<\/h2><\/header><div class='iconbox_content_container '  itemprop=\"text\" ><p>Stockage \u00e0 plat ou pr\u00e9mont\u00e9<\/p>\n<\/div><\/div><footer class=\"entry-footer\"><\/footer><\/article><\/div><div  class='flex_column av-2yr9ll5-d43012cf3b748b7946b7f21883a6cd55 av_one_third  avia-builder-el-17  el_after_av_one_third  el_before_av_one_third  first flex_column_div  column-top-margin'     ><style type=\"text\/css\" data-created_by=\"avia_inline_auto\" id=\"style-css-av-2idq6dl-fcd159a62b3b9f791469e06b6242aba3\">\n.iconbox.av-2idq6dl-fcd159a62b3b9f791469e06b6242aba3 .iconbox_icon{\ncolor:#00669b;\n}\n.iconbox.av-2idq6dl-fcd159a62b3b9f791469e06b6242aba3 .iconbox_icon.avia-svg-icon svg:first-child{\nfill:#00669b;\nstroke:#00669b;\n}\n#top #wrap_all .iconbox.av-2idq6dl-fcd159a62b3b9f791469e06b6242aba3 .iconbox_content_title{\ncolor:#00669b;\n}\n<\/style>\n<article  class='iconbox iconbox_left_content av-2idq6dl-fcd159a62b3b9f791469e06b6242aba3 av-icon-style-no-border  avia-builder-el-18  avia-builder-el-no-sibling '  itemscope=\"itemscope\" itemtype=\"https:\/\/schema.org\/CreativeWork\" ><div class='iconbox_icon heading-color avia-iconfont avia-font-swd2025font2' data-av_icon='\ue804' data-av_iconfont='swd2025font2'  ><\/div><div class=\"iconbox_content\"><header class=\"entry-content-header\" aria-label=\"Ic\u00f4ne : Prix comp\u00e9titifs\"><h2 class='iconbox_content_title '  itemprop=\"headline\" >Prix comp\u00e9titifs<\/h2><\/header><div class='iconbox_content_container '  itemprop=\"text\" ><p>A partir de 100 exemplaires<\/p>\n<\/div><\/div><footer class=\"entry-footer\"><\/footer><\/article><\/div><div  class='flex_column av-28d87l5-78a4a146536b9ac1a75971e3a58ad865 av_one_third  avia-builder-el-19  el_after_av_one_third  el_before_av_one_third  flex_column_div  column-top-margin'     ><style type=\"text\/css\" data-created_by=\"avia_inline_auto\" id=\"style-css-av-1tuyrqh-1203132ace63cf6c985e281a55bd020d\">\n.iconbox.av-1tuyrqh-1203132ace63cf6c985e281a55bd020d .iconbox_icon{\ncolor:#00669b;\n}\n.iconbox.av-1tuyrqh-1203132ace63cf6c985e281a55bd020d .iconbox_icon.avia-svg-icon svg:first-child{\nfill:#00669b;\nstroke:#00669b;\n}\n#top #wrap_all .iconbox.av-1tuyrqh-1203132ace63cf6c985e281a55bd020d .iconbox_content_title{\ncolor:#00669b;\n}\n<\/style>\n<article  class='iconbox iconbox_left_content av-1tuyrqh-1203132ace63cf6c985e281a55bd020d av-icon-style-no-border  avia-builder-el-20  avia-builder-el-no-sibling '  itemscope=\"itemscope\" itemtype=\"https:\/\/schema.org\/CreativeWork\" ><div class='iconbox_icon heading-color avia-iconfont avia-font-swd2025font2' data-av_icon='\ue80a' data-av_iconfont='swd2025font2'  ><\/div><div class=\"iconbox_content\"><header class=\"entry-content-header\" aria-label=\"Ic\u00f4ne : Image de marque sublim\u00e9e\"><h2 class='iconbox_content_title '  itemprop=\"headline\" >Image de marque sublim\u00e9e<\/h2><\/header><div class='iconbox_content_container '  itemprop=\"text\" ><p>Diff\u00e9rentes versions imprim\u00e9es possibles.<\/p>\n<\/div><\/div><footer class=\"entry-footer\"><\/footer><\/article><\/div><div  class='flex_column av-1a6vxzd-1f41476c44ae28bc2161e4524619057c av_one_third  avia-builder-el-21  el_after_av_one_third  avia-builder-el-last  flex_column_div  column-top-margin'     ><style type=\"text\/css\" data-created_by=\"avia_inline_auto\" id=\"style-css-av-rg5e3t-eaf128e2afc78484a027e1f54fc18c3c\">\n.iconbox.av-rg5e3t-eaf128e2afc78484a027e1f54fc18c3c .iconbox_icon{\ncolor:#00669b;\n}\n.iconbox.av-rg5e3t-eaf128e2afc78484a027e1f54fc18c3c .iconbox_icon.avia-svg-icon svg:first-child{\nfill:#00669b;\nstroke:#00669b;\n}\n#top #wrap_all .iconbox.av-rg5e3t-eaf128e2afc78484a027e1f54fc18c3c .iconbox_content_title{\ncolor:#00669b;\n}\n<\/style>\n<article  class='iconbox iconbox_left_content av-rg5e3t-eaf128e2afc78484a027e1f54fc18c3c av-icon-style-no-border  avia-builder-el-22  avia-builder-el-no-sibling '  itemscope=\"itemscope\" itemtype=\"https:\/\/schema.org\/CreativeWork\" ><div class='iconbox_icon heading-color avia-iconfont avia-font-swd2025font' data-av_icon='\ue806' data-av_iconfont='swd2025font'  ><\/div><div class=\"iconbox_content\"><header class=\"entry-content-header\" aria-label=\"Ic\u00f4ne : Montage rapide et facile\"><h2 class='iconbox_content_title '  itemprop=\"headline\" >Montage rapide et facile<\/h2><\/header><div class='iconbox_content_container '  itemprop=\"text\" ><p>Mont\u00e9 en moins de 2 minutes<\/p>\n<\/div><\/div><footer class=\"entry-footer\"><\/footer><\/article><\/div><\/p>\n<\/div><\/div><\/div><div id='after_grid_row_1'  class='main_color av_default_container_wrap container_wrap fullsize'  ><div class='container av-section-cont-open' ><div class='template-page content  av-content-full alpha units'><div class='post-entry post-entry-type-page post-entry-13379'><div class='entry-content-wrapper clearfix'><section  class='av_textblock_section av-mf16m9u4-83a78e06a7158705e79562db7ba7c018 '   itemscope=\"itemscope\" itemtype=\"https:\/\/schema.org\/CreativeWork\" ><div class='avia_textblock'  itemprop=\"text\" ><div>\n<p style=\"text-align: center; margin: 0.85em 0px 0px 0 !important;\">Interess\u00e9 par ce mod\u00e8le ?<\/p>\n<p style=\"text-align: center; margin: 0em 0px 0px 0 !important;\"><a class=\"avia-button avia-color-theme-color avia-size-large\" href=\"https:\/\/smurfitwestrockdisplay.be\/fr\/smurfit-westrock-display-belgique\/contact\/\">Contactez-nous<\/a><\/p>\n<\/div>\n<\/div><\/section><\/p>\n","protected":false},"excerpt":{"rendered":"","protected":false},"author":8,"featured_media":12373,"parent":9883,"menu_order":3,"comment_status":"closed","ping_status":"closed","template":"","meta":{"_seopress_robots_primary_cat":"","_seopress_titles_title":"Nos solutions : %%post_title%% %%sep%% %%sitetitle%%","_seopress_titles_desc":"Pr\u00e9sentation de notre display de comptoir d\u00e9nomm\u00e9 SKOUNTER. Une PLV comp\u00e9titive pour tous vos besoins marketing.","_seopress_robots_index":"","footnotes":""},"class_list":["post-13379","page","type-page","status-publish","has-post-thumbnail","hentry"],"_links":{"self":[{"href":"https:\/\/smurfitwestrockdisplay.be\/fr\/wp-json\/wp\/v2\/pages\/13379","targetHints":{"allow":["GET"]}}],"collection":[{"href":"https:\/\/smurfitwestrockdisplay.be\/fr\/wp-json\/wp\/v2\/pages"}],"about":[{"href":"https:\/\/smurfitwestrockdisplay.be\/fr\/wp-json\/wp\/v2\/types\/page"}],"author":[{"embeddable":true,"href":"https:\/\/smurfitwestrockdisplay.be\/fr\/wp-json\/wp\/v2\/users\/8"}],"replies":[{"embeddable":true,"href":"https:\/\/smurfitwestrockdisplay.be\/fr\/wp-json\/wp\/v2\/comments?post=13379"}],"version-history":[{"count":7,"href":"https:\/\/smurfitwestrockdisplay.be\/fr\/wp-json\/wp\/v2\/pages\/13379\/revisions"}],"predecessor-version":[{"id":13386,"href":"https:\/\/smurfitwestrockdisplay.be\/fr\/wp-json\/wp\/v2\/pages\/13379\/revisions\/13386"}],"up":[{"embeddable":true,"href":"https:\/\/smurfitwestrockdisplay.be\/fr\/wp-json\/wp\/v2\/pages\/9883"}],"wp:featuredmedia":[{"embeddable":true,"href":"https:\/\/smurfitwestrockdisplay.be\/fr\/wp-json\/wp\/v2\/media\/12373"}],"wp:attachment":[{"href":"https:\/\/smurfitwestrockdisplay.be\/fr\/wp-json\/wp\/v2\/media?parent=13379"}],"curies":[{"name":"wp","href":"https:\/\/api.w.org\/{rel}","templated":true}]}}