{"id":11480,"date":"2025-08-14T14:33:14","date_gmt":"2025-08-14T12:33:14","guid":{"rendered":"https:\/\/smurfitwestrockdisplay.be\/politique-de-confidentialite\/"},"modified":"2025-08-21T14:32:47","modified_gmt":"2025-08-21T12:32:47","slug":"politique-de-confidentialite","status":"publish","type":"page","link":"https:\/\/smurfitwestrockdisplay.be\/fr\/politique-de-confidentialite\/","title":{"rendered":"Politique de confidentialit\u00e9"},"content":{"rendered":"<section  class='av_textblock_section av-kzwm17vi-3725d0e47bf03e4e9c78a9bd53880f37 '   itemscope=\"itemscope\" itemtype=\"https:\/\/schema.org\/CreativeWork\" ><div class='avia_textblock'  itemprop=\"text\" ><h1 class=\"a-header__title h-mv-n h2\">D\u00e9claration de confidentialit\u00e9<\/h1>\n<h2>SMURFIT WESTROCK GROUP &#8211; D\u00c9CLARATION RELATIVE \u00c0 LA PROTECTION DES DONN\u00c9ES<\/h2>\n<h3>1. OBJET ET PORT\u00c9E DE LA D\u00c9CLARATION<\/h3>\n<p>L&rsquo;objet de cette d\u00e9claration est de vous expliquer comment vos donn\u00e9es \u00e0 caract\u00e8re personnel sont trait\u00e9es par Smurfit Westrock Corrugated Benelux B.V. (le \u00ab Groupe \u00bb, \u00ab nous \u00bb) et quelles donn\u00e9es, y compris les informations personnelles vous concernant mentionn\u00e9es ci-dessous (\u00ab donn\u00e9es \u00e0 caract\u00e8re personnel \u00bb), sont collect\u00e9es et trait\u00e9es par le Groupe et\/ou pour son compte par des prestataires de services externes dans le cadre de vos relations avec nous..<\/p>\n<p>Aux fins de la pr\u00e9sente d\u00e9claration, le responsable du traitement de vos donn\u00e9es \u00e0 caract\u00e8re personnel est Smurfit Smurfit Corrugated Benelux B.V., de Warandelaan 2, 4904 PC Oosterhout, Pays-Bas, qui fait partie du Groupe. En g\u00e9n\u00e9ral, vos donn\u00e9es \u00e0 caract\u00e8re personnel rel\u00e8vent de la responsabilit\u00e9 du Groupe. Cliquez ici pour plus d&rsquo;informations sur le Groupe et pour obtenir la liste compl\u00e8te des entit\u00e9s qui le composent. Les entit\u00e9s du Groupe ont mis en place des proc\u00e9dures pour garantir la protection de vos donn\u00e9es \u00e0 caract\u00e8re personnel.<\/p>\n<p>Si vous avez des questions ou des pr\u00e9occupations concernant la pr\u00e9sente d\u00e9claration, veuillez contacter notre service marketing en envoyant un e-mail au service juridique du Groupe \u00e0 l&rsquo;adresse grouplegal@smurfitwestrock.com.<\/p>\n<h3>2. APPLICABILIT\u00c9 DE LA PR\u00c9SENTE D\u00c9CLARATION<\/h3>\n<p>IMPORTANT : nous avons veill\u00e9 \u00e0 ce que cette d\u00e9claration soit aussi compl\u00e8te et exacte que possible, mais nous tenons \u00e0 souligner qu&rsquo;elle n&rsquo;est pas exhaustive et qu&rsquo;elle peut \u00eatre modifi\u00e9e p\u00e9riodiquement conform\u00e9ment \u00e0 l&rsquo;article 11 de la pr\u00e9sente d\u00e9claration.<\/p>\n<p>Cette d\u00e9claration est divis\u00e9e en plusieurs articles qui peuvent tous ou en partie vous concerner, selon la nature de votre relation avec le Groupe. Dans tous les cas, vous disposez de certains droits en vertu des lois sur la protection des donn\u00e9es. Ceux-ci sont expos\u00e9s \u00e0 l&rsquo;article 10. Vous avez \u00e0 tout moment le droit de vous opposer au traitement de vos donn\u00e9es \u00e0 caract\u00e8re personnel si nous les traitons sur la base de la poursuite de nos int\u00e9r\u00eats l\u00e9gitimes.<\/p>\n<p><strong>Marketing et contacts professionnels :<\/strong> si vous vous \u00eates inscrit pour recevoir des communications marketing de notre part, vous pouvez lire comment nous utilisons vos donn\u00e9es \u00e0 caract\u00e8re personnel \u00e0 la fin de l&rsquo;article 4 ou en cliquant ici.<\/p>\n<p><strong>Utilisateurs du site web :<\/strong> si vous utilisez notre site web [www.smurfitwestrock.be], vous pouvez lire \u00e0 l&rsquo;article 5A comment nous utilisons vos donn\u00e9es \u00e0 caract\u00e8re personnel en tant qu&rsquo;utilisateur de notre site web. Nous recommandons \u00e9galement aux utilisateurs du site web de lire notre politique en mati\u00e8re de cookies.<\/p>\n<p><strong>Utilisateurs des r\u00e9seaux sociaux :<\/strong> Si vous utilisez nos comptes sur les r\u00e9seaux sociaux (Twitter et LinkedIn), vous pouvez consulter l&rsquo;article 5B pour savoir comment nous utilisons vos donn\u00e9es personnelles en tant qu&rsquo;utilisateur des r\u00e9seaux sociaux.<\/p>\n<p><strong>Clients existants :<\/strong> si vous \u00eates d\u00e9j\u00e0 client de Smurfit Westrock Corrugated Benelux B.V., vous pouvez consulter l&rsquo;article 6 pour savoir comment nous traitons vos donn\u00e9es \u00e0 caract\u00e8re personnel \u00e0 des fins administratives et commerciales.<\/p>\n<h3>3. QUELLES DONN\u00c9ES \u00c0 CARACT\u00c8RE PERSONNEL TRAITONS-NOUS ?<\/h3>\n<p>En fonction de vos relations avec nous, nous traitons les cat\u00e9gories de donn\u00e9es \u00e0 caract\u00e8re personnel suivantes :<\/p>\n<ul style=\"list-style-type: square;\">\n<li>Si vous \u00eates un contact marketing\/commercial : nous recoltons votre nom, votre fonction, vos coordonn\u00e9es, vos activit\u00e9s commerciales et vos centres d&rsquo;int\u00e9r\u00eat, ainsi que des informations concernant votre inscription \u00e0 nos listes de diffusion ou \u00e0 nos newsletters, ou votre int\u00e9r\u00eat pour celles-ci.<\/li>\n<li>Lorsque vous visitez le site web : nous recoltons informations relatives \u00e0 vos visites sur le site web, votre emplacement et votre adresse IP, le navigateur que vous utilisez, ainsi que la date et l&rsquo;heure auxquelles vous visitez le site web..<\/li>\n<li>Lorsque vous interagissez avec nos comptes sur les r\u00e9seaux sociaux, nous collectons des donn\u00e9es \u00e0 caract\u00e8re personnel vous concernant, telles que votre nom, votre localisation, votre pays, votre fonction, votre entreprise, vos centres d&rsquo;int\u00e9r\u00eat, dans le cas o\u00f9 ces types de donn\u00e9es \u00e0 caract\u00e8re personnel sont visibles publiquement sur vos comptes sur les r\u00e9seaux sociaux..<\/li>\n<li>Si vous \u00eates client : votre nom, les coordonn\u00e9es de votre employeur, vos informations de facturation, les informations relatives \u00e0 vos visites, votre correspondance et vos communications avec nos employ\u00e9s, ainsi que toutes les informations qui nous ont \u00e9t\u00e9 fournies par vous ou pour vous.<\/li>\n<\/ul>\n<h3>4. CONTACTS COMMERCIAUX ET MARKETING<\/h3>\n<p>Si vous \u00eates un contact marketing ou commercial, nous pouvons obtenir, collecter et traiter vos donn\u00e9es personnelles aux fins suivantes :<\/p>\n<ul>\n<li>Promotion des activit\u00e9s commerciales du Groupe ;<br \/>\nInvitations \u00e0 des \u00e9v\u00e9nements ;<\/li>\n<li>D\u00e9veloppement et poursuite de nos relations avec vous ;<\/li>\n<li>Gestion et administration de nos relations avec nos contacts commerciaux et nos clients ;<\/li>\n<li>Envoi de mat\u00e9riel marketing, de newsletters et d&rsquo;autres informations ;<\/li>\n<li>Suivi et analyse de votre int\u00e9r\u00eat pour le mat\u00e9riel que nous vous envoyons ;<\/li>\n<li>Envoi d&rsquo;informations marketing par courrier postal, sauf si vous vous y \u00eates oppos\u00e9 ; et<\/li>\n<li>Prise, collecte, stockage et publication de photos lors d&rsquo;\u00e9v\u00e9nements organis\u00e9s par le Groupe.<\/li>\n<\/ul>\n<p>Dans ces cas, nous nous basons g\u00e9n\u00e9ralement sur votre consentement pour vous fournir, par le biais du marketing direct, des informations sur nos produits et services. Dans tous les autres cas, m\u00eame lorsque nous sommes d\u00e9j\u00e0 en contact avec vous, nous nous basons sur notre int\u00e9r\u00eat l\u00e9gitime pour continuer \u00e0 vous contacter au sujet de produits qui, selon nous, pourraient vous int\u00e9resser.<\/p>\n<p>Vous avez toujours la possibilit\u00e9 de mettre fin \u00e0 l&rsquo;envoi de communications marketing. Vous pouvez vous d\u00e9sabonner des communications par courrier postal en utilisant les coordonn\u00e9es indiqu\u00e9es \u00e0 l&rsquo;article 11. Vous pouvez \u00e0 tout moment vous d\u00e9sabonner de nos e-mails marketing en cliquant sur le lien \u00ab se d\u00e9sabonner \u00bb situ\u00e9 au bas des e-mails marketing que nous vous envoyons.<\/p>\n<h3>5A.UTILISATEURS DU SITE WEB<\/h3>\n<p>Lorsque vous visitez notre site Web, nous pouvons obtenir, collecter et traiter vos donn\u00e9es personnelles aux fins suivantes :<\/p>\n<ul>\n<li>Afficher, am\u00e9liorer et contr\u00f4ler l&rsquo;efficacit\u00e9 du site web ;<\/li>\n<li>Contr\u00f4ler des donn\u00e9es telles que le nombre total de visiteurs, les donn\u00e9es relatives au trafic et les tendances d\u00e9mographiques ;<\/li>\n<li>Veiller \u00e0 ce que le site web vous soit pr\u00e9sent\u00e9 de la mani\u00e8re la plus efficace possible et am\u00e9liorer votre utilisation du site web ; et<\/li>\n<li>Vous informer des modifications apport\u00e9es \u00e0 notre site web et\/ou \u00e0 nos services.<\/li>\n<\/ul>\n<p>Nous obtenons, collectons et traitons ces donn\u00e9es \u00e0 caract\u00e8re personnel sur la base de notre int\u00e9r\u00eat l\u00e9gitime \u00e0 garantir le bon fonctionnement de notre site web et \u00e0 analyser le contenu qui int\u00e9resse le plus les visiteurs. Cela nous aide \u00e0 garantir la disponibilit\u00e9 du site web et \u00e0 am\u00e9liorer votre exp\u00e9rience lorsque vous le visitez.<\/p>\n<h3>5B. UTILISATEURS DES RESEAUX SOCIAUX<\/h3>\n<p>Lorsque vous visitez nos comptes sur les r\u00e9seaux sociaux, nous pouvons obtenir, collecter et traiter vos donn\u00e9es \u00e0 caract\u00e8re personnel aux fins suivantes :<\/p>\n<ul>\n<li>Comprendre la d\u00e9mographie, les pr\u00e9f\u00e9rences et les int\u00e9r\u00eats de notre public afin de pouvoir lui pr\u00e9senter des informations et des actualit\u00e9s plus pertinentes via nos comptes sur les r\u00e9seaux sociaux (profilage).<\/li>\n<li>Optimiser notre audience et notre ciblage.<\/li>\n<\/ul>\n<h3>6. CLIENTS EXISTANTS<\/h3>\n<p>Si vous \u00eates d\u00e9j\u00e0 client, nous pouvons obtenir, collecter et traiter vos donn\u00e9es personnelles aux fins suivantes :<\/p>\n<ul>\n<li>Ex\u00e9cution des processus administratifs, de facturation et op\u00e9rationnels ;<\/li>\n<li>\u00c9valuation et r\u00e9ponse \u00e0 la correspondance ou aux demandes que vous nous envoyez ;<\/li>\n<li>Suivi des niveaux de vente et \u00e9valuation des tendances dans les ventes ;<\/li>\n<li>R\u00e9alisation d&rsquo;enqu\u00eates de diligence raisonnable ;<\/li>\n<li>Ex\u00e9cution des commandes et respect de nos obligations en vertu des contrats d&rsquo;achat que nous avons \u00e9ventuellement conclus avec vous ;<\/li>\n<li>Traitement des paiements et gestion de votre compte client ;<\/li>\n<li>\u00c9tablissement de relations contractuelles avec l&rsquo;organisation \u00e0 laquelle vous appartenez ;<\/li>\n<li>Envoi de mat\u00e9riel marketing. Voir l&rsquo;article 4 de la pr\u00e9sente d\u00e9claration pour plus d&rsquo;informations.<\/li>\n<li>Respect de la l\u00e9gislation applicable aux entreprises de l&rsquo;\u00c9tat membre et de l&rsquo;UE ;<\/li>\n<\/ul>\n<p>Nous obtenons, collectons et traitons vos donn\u00e9es \u00e0 caract\u00e8re personnel aux fins susmentionn\u00e9es sur la base des fondements juridiques suivants :<\/p>\n<ul>\n<li>notre int\u00e9r\u00eat l\u00e9gitime \u00e0 garantir le bon fonctionnement de notre entreprise et \u00e0 maintenir notre relation client avec vous ;<\/li>\n<li>la n\u00e9cessit\u00e9 de conclure un contrat avec vous et de l&rsquo;ex\u00e9cuter ;<\/li>\n<li>la n\u00e9cessit\u00e9 de traiter vos donn\u00e9es \u00e0 caract\u00e8re personnel afin de respecter une obligation l\u00e9gale qui nous incombe en vertu du droit applicable d&rsquo;un \u00c9tat membre de l&rsquo;UE ou du droit de l&rsquo;Union.<\/li>\n<li>Si vous n&rsquo;\u00eates pas dispos\u00e9 \u00e0 fournir vos donn\u00e9es \u00e0 caract\u00e8re personnel afin que nous puissions les traiter aux fins susmentionn\u00e9es, nous ne serons pas en mesure de vous fournir des services ou des produits.<\/li>\n<\/ul>\n<h3>7. COMMUNICATION DE VOS DONN\u00c9ES PERSONNELLES<\/h3>\n<p>En fonction de votre relation avec nous, nous pouvons fournir les donn\u00e9es personnelles collect\u00e9es et obtenues \u00e0 votre sujet aux parties suivantes : divisions et actionnaires du Groupe, prestataires de services d&rsquo;assistance, fournisseurs de services informatiques et de sites web, agences de marketing, agences de relations publiques, imprimeurs, agences de publicit\u00e9 et autres fournisseurs, d&rsquo;autres personnes au sein de votre organisation, des tiers impliqu\u00e9s dans la r\u00e9ception ou l&rsquo;organisation d&rsquo;\u00e9v\u00e9nements ou de salons, des conseillers professionnels, tels que des conseillers fiscaux ou juridiques, des consultants et des comptables, des autorit\u00e9s de contr\u00f4le (par exemple, les forces de l&rsquo;ordre et les autorit\u00e9s gouvernementales) et des tiers li\u00e9s \u00e0 l&rsquo;achat ou \u00e0 la vente du Groupe ou d&rsquo;actifs appartenant au Groupe.<\/p>\n<h3>8. TRANSMISSION DE VOS DONN\u00c9ES PERSONNELLES PAR LE GROUPE<\/h3>\n<p>Nous pouvons transf\u00e9rer vos donn\u00e9es personnelles \u00e0 des entit\u00e9s du Groupe ou \u00e0 d&rsquo;autres destinataires situ\u00e9s en dehors de l&rsquo;Espace \u00e9conomique europ\u00e9en (\u00ab EEE \u00bb). Certains destinataires (nos prestataires de services externes et d&rsquo;autres soci\u00e9t\u00e9s du groupe Smurfit Westrock qui traitent vos donn\u00e9es personnelles pour notre compte) peuvent transf\u00e9rer vos donn\u00e9es personnelles vers un pays situ\u00e9 en dehors de l&rsquo;EEE qui n&rsquo;offre pas un niveau de protection ad\u00e9quat de vos donn\u00e9es personnelles. Lorsque de tels transferts ont lieu, nous appliquons la politique suivante : a) ils ne peuvent avoir lieu sans notre consentement \u00e9crit pr\u00e9alable ; et b) un accord de transfert appropri\u00e9 est mis en place pour prot\u00e9ger vos donn\u00e9es personnelles.<\/p>\n<h3>9. CONSERVATION DE VOS DONN\u00c9ES PERSONNELLES<\/h3>\n<p>En r\u00e8gle g\u00e9n\u00e9rale, nous pr\u00e9voyons de conserver vos donn\u00e9es \u00e0 caract\u00e8re personnel pendant une dur\u00e9e raisonnable apr\u00e8s l&rsquo;\u00e9tablissement du contact \u00e0 des fins de marketing. D\u00e8s que nous avons d\u00e9termin\u00e9 que nous n&rsquo;avons plus besoin de conserver vos donn\u00e9es \u00e0 caract\u00e8re personnel, nous les supprimons de nos syst\u00e8mes. Nous attirons votre attention sur le fait que, dans certaines circonstances, nous pouvons conserver vos donn\u00e9es plus longtemps, par exemple si nous traitons une r\u00e9clamation ou si nous estimons de bonne foi que la loi ou une autorit\u00e9 de contr\u00f4le comp\u00e9tente peut, \u00e0 notre avis, raisonnablement exiger ou imposer une conservation plus longue de vos donn\u00e9es \u00e0 caract\u00e8re personnel.<\/p>\n<h3>10. VOS DROITS ET COMMENT LES EXERCER<\/h3>\n<p>Vous disposez d&rsquo;un certain nombre de droits concernant vos donn\u00e9es \u00e0 caract\u00e8re personnel, qui sont expliqu\u00e9s dans le pr\u00e9sent article 10. Ceux-ci comprennent notamment le droit de vous opposer au traitement de vos donn\u00e9es \u00e0 caract\u00e8re personnel lorsque ce traitement est effectu\u00e9 pour nos int\u00e9r\u00eats l\u00e9gitimes. Nous attirons votre attention sur le fait que ces droits ne sont pas absolus dans certaines circonstances.<\/p>\n<table style=\"border-collapse: collapse; width: 100%; height: 119px;\">\n<tbody>\n<tr style=\"height: 24px;\">\n<td style=\"width: 25.7804%; height: 24px;\"><span style=\"font-size: 12pt;\"><strong>DROIT<\/strong><\/span><\/td>\n<td style=\"width: 74.2196%; height: 24px;\"><span style=\"font-size: 12pt;\"><strong>EXPLICATION<\/strong><\/span><\/td>\n<\/tr>\n<tr style=\"height: 19px;\">\n<td style=\"width: 25.7804%; height: 19px;\">Droit d&rsquo;opposition<\/td>\n<td style=\"width: 74.2196%; height: 19px;\">Vous avez \u00e0 tout moment le droit de vous opposer au traitement de vos donn\u00e9es \u00e0 caract\u00e8re personnel si nous les traitons sur la base de la justification que nous poursuivons nos int\u00e9r\u00eats l\u00e9gitimes. Lorsque nous traitons vos donn\u00e9es \u00e0 caract\u00e8re personnel sur la base de nos int\u00e9r\u00eats l\u00e9gitimes, nous veillons \u00e0 \u00e9valuer soigneusement les cons\u00e9quences possibles pour vous et vos droits en mati\u00e8re de protection des donn\u00e9es. Nous n&rsquo;utilisons pas vos donn\u00e9es \u00e0 caract\u00e8re personnel pour des activit\u00e9s dans lesquelles nos int\u00e9r\u00eats sont moins importants que les cons\u00e9quences pour vous (sauf si nous avons votre consentement ou si nous y sommes autrement tenus ou autoris\u00e9s en vertu du droit de l&rsquo;\u00c9tat membre ou de l&rsquo;UE).<\/td>\n<\/tr>\n<tr style=\"height: 19px;\">\n<td style=\"width: 25.7804%; height: 19px;\">Droit d&rsquo;acc\u00e8s<\/td>\n<td style=\"width: 74.2196%; height: 19px;\">Vous avez le droit de demander une copie des donn\u00e9es personnelles que nous d\u00e9tenons \u00e0 votre sujet et d&rsquo;y avoir acc\u00e8s. Nous ne vous facturerons des frais pour une telle demande d&rsquo;acc\u00e8s que si nous estimons que votre demande est infond\u00e9e ou excessive.<\/td>\n<\/tr>\n<tr style=\"height: 19px;\">\n<td style=\"width: 25.7804%; height: 19px;\">Droit de rectification<\/td>\n<td style=\"width: 74.2196%; height: 19px;\">Vous avez le droit de demander la modification ou la rectification des donn\u00e9es personnelles incorrectes que nous d\u00e9tenons \u00e0 votre sujet.<\/td>\n<\/tr>\n<tr style=\"height: 19px;\">\n<td style=\"width: 25.7804%; height: 19px;\">Droit \u00e0 l&rsquo;effacement<\/td>\n<td style=\"width: 74.2196%; height: 19px;\">Dans certaines circonstances, vous pouvez \u00e9galement demander la suppression de vos donn\u00e9es \u00e0 caract\u00e8re personnel, par exemple si vous exercez votre droit d&rsquo;opposition (voir ci-dessous) et que nous n&rsquo;avons pas de raison imp\u00e9rieuse de traiter vos donn\u00e9es \u00e0 caract\u00e8re personnel ou si nous n&rsquo;avons plus besoin de vos donn\u00e9es \u00e0 caract\u00e8re personnel aux fins mentionn\u00e9es dans la pr\u00e9sente d\u00e9claration.<\/td>\n<\/tr>\n<tr style=\"height: 19px;\">\n<td style=\"width: 25.7804%; height: 19px;\">Droit \u00e0 la limitation du traitement<\/td>\n<td style=\"width: 74.2196%; height: 19px;\">Dans certains cas, vous avez le droit de nous demander de limiter le traitement de vos donn\u00e9es \u00e0 caract\u00e8re personnel, notamment si vous estimez que les donn\u00e9es \u00e0 caract\u00e8re personnel que nous d\u00e9tenons \u00e0 votre sujet sont inexactes ou que notre utilisation de vos donn\u00e9es est ill\u00e9gale. Si vous invoquez l\u00e9gitimement ce droit, nous conserverons vos donn\u00e9es \u00e0 caract\u00e8re personnel et ne les traiterons plus jusqu&rsquo;\u00e0 ce que le probl\u00e8me soit r\u00e9solu.<\/td>\n<\/tr>\n<tr>\n<td style=\"width: 25.7804%;\">Droit au transfert de vos donn\u00e9es<\/td>\n<td style=\"width: 74.2196%;\"><span style=\"font-size: 16px;\">Vous pouvez nous demander de vous fournir les donn\u00e9es \u00e0 caract\u00e8re personnel que vous nous avez communiqu\u00e9es sous une forme structur\u00e9e, couramment utilis\u00e9e et lisible par machine, et vous pouvez nous demander de transmettre vos donn\u00e9es \u00e0 caract\u00e8re personnel directement \u00e0 un autre responsable du traitement, si cela est techniquement possible. Ce droit ne s&rsquo;applique que si : (1) nous traitons vos donn\u00e9es \u00e0 caract\u00e8re personnel avec votre consentement ou lorsque cela est n\u00e9cessaire \u00e0 l&rsquo;ex\u00e9cution du contrat conclu avec vous ; et (2) le traitement est automatis\u00e9.<\/span><\/td>\n<\/tr>\n<\/tbody>\n<\/table>\n<p>Vous pouvez exercer tous ces droits en adressant une demande \u00e9crite \u00e0 notre \u00e9quipe juridique \u00e0 l&rsquo;adresse suivante : Smurfit Westrock Group Legal Department, Beech Hill Drive, Clonskeagh, Dublin 4, Irlande.<\/p>\n<p>Nous vous informerons d\u00e8s que possible, mais au plus tard dans un d\u00e9lai d&rsquo;un mois \u00e0 compter de la r\u00e9ception de votre demande, des mesures que nous avons prises \u00e0 la suite de votre demande concernant l&rsquo;un de ces droits. Si n\u00e9cessaire, nous pouvons prolonger ce d\u00e9lai jusqu&rsquo;\u00e0 deux mois, mais nous vous en informerons dans ce cas. Nous attirons votre attention sur le fait que nous pouvons vous demander de prouver votre identit\u00e9 lorsque vous exercez l&rsquo;un de vos droits en mati\u00e8re de protection des donn\u00e9es.<\/p>\n<p>Vous avez \u00e9galement le droit de d\u00e9poser une plainte aupr\u00e8s de l&rsquo;Autorit\u00e9 n\u00e9erlandaise de protection des donn\u00e9es. Pour plus d&rsquo;informations, consultez le site https:\/\/autoriteitpersoonsgegevens.nl\/. En Belgique, cela est possible aupr\u00e8s de l&rsquo;Autorit\u00e9 de protection des donn\u00e9es. Pour plus d&rsquo;informations, consultez le site https:\/\/www.autoriteprotectiondonnees.be\/.<\/p>\n<h3>11. MODIFICATIONS DE LA PR\u00c9SENTE D\u00c9CLARATION<\/h3>\n<p>Nous nous r\u00e9servons le droit de modifier cette d\u00e9claration, en tout ou en partie, \u00e0 notre enti\u00e8re discr\u00e9tion. Toute modification entrera en vigueur d\u00e8s que la d\u00e9claration r\u00e9vis\u00e9e vous aura \u00e9t\u00e9 envoy\u00e9e.<\/p>\n<p>Si, \u00e0 un moment donn\u00e9, nous d\u00e9cidons d&rsquo;utiliser vos donn\u00e9es personnelles d&rsquo;une mani\u00e8re sensiblement diff\u00e9rente de celle indiqu\u00e9e dans la pr\u00e9sente d\u00e9claration ou d&rsquo;une mani\u00e8re diff\u00e9rente de celle qui vous a \u00e9t\u00e9 communiqu\u00e9e au moment o\u00f9 elles ont \u00e9t\u00e9 collect\u00e9es, nous vous en informerons par e-mail. Vous pourrez alors d\u00e9cider si nous pouvons utiliser vos donn\u00e9es personnelles de cette nouvelle mani\u00e8re.<\/p>\n<p>Si vous avez des inqui\u00e9tudes ou des commentaires concernant la mani\u00e8re dont vos donn\u00e9es personnelles sont utilis\u00e9es ou trait\u00e9es par l&rsquo;entreprise, veuillez contacter notre d\u00e9l\u00e9gu\u00e9 \u00e0 la protection des donn\u00e9es \u00e0 l&rsquo;adresse grouplegal@smurfitwestrock.com ou par courrier postal \u00e0 l&rsquo;adresse suivante : Group Legal Department, Smurfit Westrock Group, Beech Hill, Clonskeagh, Dublin 4, Irland.<\/p>\n<\/div><\/section>\n","protected":false},"excerpt":{"rendered":"","protected":false},"author":10,"featured_media":0,"parent":0,"menu_order":0,"comment_status":"closed","ping_status":"closed","template":"","meta":{"_seopress_robots_primary_cat":"","_seopress_titles_title":"","_seopress_titles_desc":"","_seopress_robots_index":"","footnotes":""},"class_list":["post-11480","page","type-page","status-publish","hentry"],"_links":{"self":[{"href":"https:\/\/smurfitwestrockdisplay.be\/fr\/wp-json\/wp\/v2\/pages\/11480","targetHints":{"allow":["GET"]}}],"collection":[{"href":"https:\/\/smurfitwestrockdisplay.be\/fr\/wp-json\/wp\/v2\/pages"}],"about":[{"href":"https:\/\/smurfitwestrockdisplay.be\/fr\/wp-json\/wp\/v2\/types\/page"}],"author":[{"embeddable":true,"href":"https:\/\/smurfitwestrockdisplay.be\/fr\/wp-json\/wp\/v2\/users\/10"}],"replies":[{"embeddable":true,"href":"https:\/\/smurfitwestrockdisplay.be\/fr\/wp-json\/wp\/v2\/comments?post=11480"}],"version-history":[{"count":17,"href":"https:\/\/smurfitwestrockdisplay.be\/fr\/wp-json\/wp\/v2\/pages\/11480\/revisions"}],"predecessor-version":[{"id":11974,"href":"https:\/\/smurfitwestrockdisplay.be\/fr\/wp-json\/wp\/v2\/pages\/11480\/revisions\/11974"}],"wp:attachment":[{"href":"https:\/\/smurfitwestrockdisplay.be\/fr\/wp-json\/wp\/v2\/media?parent=11480"}],"curies":[{"name":"wp","href":"https:\/\/api.w.org\/{rel}","templated":true}]}}